{"id":245754,"date":"2024-10-21T13:23:06","date_gmt":"2024-10-21T10:23:06","guid":{"rendered":"https:\/\/tsisma.com\/lichterkette-dekoration-fuer-hochzeit-und-veranstaltungen\/"},"modified":"2026-04-22T11:35:21","modified_gmt":"2026-04-22T08:35:21","slug":"lichterkette-dekoration-fuer-hochzeit-und-veranstaltungen","status":"publish","type":"page","link":"https:\/\/staging.tsisma.com\/de\/lichterkette-dekoration-fuer-hochzeit-und-veranstaltungen\/","title":{"rendered":"Lichterkette Dekoration f\u00fcr Hochzeit und Veranstaltungen"},"content":{"rendered":"<div class=\"et_pb_section_0 et_pb_section et_section_regular et_block_section\"><div class=\"et_pb_row_0 et_pb_row et_pb_gutters1 et_block_row\"><div class=\"et_pb_column_0 et_pb_column et_pb_column_4_4 et-last-child et_block_column et_pb_css_mix_blend_mode_passthrough\"><div class=\"et_pb_text_0 et_pb_text et_pb_bg_layout_light et_pb_module et_block_module\"><div class=\"et_pb_text_inner\"><p>\u0397 <strong><em>Tsisma Iconic Events<\/em><\/strong> bietet einen professionellen Dekorationsservice mit <strong>Lichterketten<\/strong> f\u00fcr Hochzeiten und jede Art von Veranstaltung und sorgt f\u00fcr ein magisches Ergebnis, das \u00c4sthetik und Funktionalit\u00e4t vereint. <strong>Lichterketten<\/strong> sind nicht nur eine dekorative Note, sondern die Hauptbeleuchtung des Veranstaltungsortes, die jeder Veranstaltung ein warmes und stimmungsvolles Gef\u00fchl verleiht. <\/p>\n<h3><\/h3>\n<h4><\/h4>\n<h4><\/h4>\n<\/div><\/div><\/div><\/div><\/div><div class=\"et_pb_section_1 et_pb_section et_section_regular et_block_section\"><div class=\"et_pb_row_1 et_pb_row et_block_row\"><div class=\"et_pb_column_1 et_pb_column et_pb_column_4_4 et-last-child et_block_column et_pb_css_mix_blend_mode_passthrough\"><div class=\"et_pb_text_1 et_pb_text et_pb_bg_layout_light et_pb_module et_block_module et_pb_text_align_center\"><div class=\"et_pb_text_inner\"><p>Eine Dekoration mit <strong>Lichterketten<\/strong> ist die perfekte Wahl f\u00fcr alle, die nach einer einzigartigen und praktischen Art der Beleuchtung suchen. Unsere Lichterkettengirlanden sind ideal, um sie \u00fcber der Tanzfl\u00e4che anzubringen und ihnen ein Gef\u00fchl von Romantik und W\u00e4rme zu verleihen. Wenn die G\u00e4ste unter dem leuchtenden Himmel der <strong>Lichterketten<\/strong> tanzen, wird die Atmosph\u00e4re von Licht und Magie erf\u00fcllt und schafft eine unvergessliche Kulisse f\u00fcr jeden besonderen Anlass.  <\/p>\n<h4><\/h4>\n<\/div><\/div><\/div><\/div><div class=\"et_pb_row_2 et_pb_row et_block_row\"><div class=\"et_pb_column_2 et_pb_column et_pb_column_4_4 et-last-child et_block_column et_pb_css_mix_blend_mode_passthrough\"><\/div><\/div><div class=\"et_pb_row_3 et_pb_row et_pb_gutters2 et_block_row\"><div class=\"et_pb_column_3 et_pb_column et_pb_column_4_4 et-last-child et_block_column et_pb_css_mix_blend_mode_passthrough\"><div class=\"et_pb_text_2 et_pb_text et_pb_bg_layout_light et_pb_module et_block_module et_pb_text_align_center\"><div class=\"et_pb_text_inner\"><p>Unser Team passt die Beleuchtung an die Bed\u00fcrfnisse und den Stil Ihrer Veranstaltung an. Ganz gleich, ob es sich um eine Hochzeit, eine Taufe, ein Firmenevent oder eine private Feier handelt, unsere Lichtergirlanden k\u00f6nnen \u00fcberall am Veranstaltungsort platziert werden und bilden die perfekte Kulisse. Durch die Verwendung von <strong>Lichterketten<\/strong> in verschiedenen Anordnungen stellen wir sicher, dass die Beleuchtung hell genug ist, um den Anforderungen der Veranstaltung gerecht zu werden und gleichzeitig die perfekte Atmosph\u00e4re zu schaffen.  <\/p>\n<p>&nbsp;<\/p>\n<h4><\/h4>\n<\/div><\/div><\/div><\/div><div class=\"et_pb_row_4 et_pb_row et_pb_gutters2 et_block_row\"><div class=\"et_pb_column_4 et_pb_column et_pb_column_4_4 et-last-child et_block_column et_pb_css_mix_blend_mode_passthrough\"><div class=\"et_pb_text_3 et_pb_text et_pb_bg_layout_light et_pb_module et_block_module et_pb_text_align_center\"><div class=\"et_pb_text_inner\"><p>Mit den Lichtgirlanden von<strong> <em>Tsisma Iconic Events<\/em><\/strong>wird die Beleuchtung zu einem Schl\u00fcsselelement der Dekoration, das nicht nur sch\u00f6ne Bilder, sondern auch Funktionalit\u00e4t bietet. Lichtgirlanden sind ideal f\u00fcr Au\u00dfenbereiche, da sie ein warmes und einladendes Gef\u00fchl vermitteln, aber auch f\u00fcr Innenr\u00e4ume, wo sie f\u00fcr einen Hauch von Eleganz sorgen. Unsere Optionen sind flexibel und k\u00f6nnen auf Ihre Bed\u00fcrfnisse zugeschnitten werden.  <\/p>\n<h3><\/h3>\n<p>&nbsp;<\/p>\n<h4><\/h4>\n<\/div><\/div><\/div><\/div><div class=\"et_pb_row_5 et_pb_row et_pb_gutters2 et_block_row\"><div class=\"et_pb_column_5 et_pb_column et_pb_column_4_4 et-last-child et_block_column et_pb_css_mix_blend_mode_passthrough\"><div class=\"et_pb_text_4 et_pb_text et_pb_bg_layout_light et_pb_module et_block_module et_pb_text_align_center\"><div class=\"et_pb_text_inner\"><p>Mit jahrelanger Erfahrung in der Veranstaltungsdekoration hat das <strong><em>Tsisma Iconic Events<\/em><\/strong> Ihren Veranstaltungsort auf die glamour\u00f6seste Weise in Szene setzen. Von der Anbringung von <strong>Lichterketten<\/strong> an B\u00e4umen und B\u00f6gen bis hin zur Schaffung einer atemberaubenden Lichtkulisse \u00fcber der Tanzfl\u00e4che sorgen wir daf\u00fcr, dass jedes Detail die \u00c4sthetik widerspiegelt, von der Sie tr\u00e4umen. Unsere Lichtergirlanden sind die perfekte M\u00f6glichkeit, Ihre Veranstaltung zu beleuchten und Ihren G\u00e4sten ein unvergessliches Erlebnis zu bieten.  <\/p>\n<h3><\/h3>\n<h3><\/h3>\n<p>&nbsp;<\/p>\n<h4><\/h4>\n<\/div><\/div><\/div><\/div><\/div><div class=\"et_pb_section_2 et_pb_section et_section_regular et_block_section\"><div class=\"et_pb_row_6 et_pb_row et_block_row\"><div class=\"et_pb_column_6 et_pb_column et_pb_column_4_4 et-last-child et_block_column et_pb_css_mix_blend_mode_passthrough\"><div class=\"et_pb_text_5 et_pb_text et_pb_bg_layout_light et_pb_module et_block_module\"><div class=\"et_pb_text_inner\"><p>Wenn Sie Ihrem Raum auf professionelle Weise Glanz und Vitalit\u00e4t verleihen m\u00f6chten, wenden Sie sich an <strong><em>Tsisma Iconic Events<\/em><\/strong>. Wir sind daf\u00fcr da, jede Veranstaltung zu etwas Besonderem zu machen, mit Beleuchtungsl\u00f6sungen, die \u00c4sthetik und Funktionalit\u00e4t vereinen. Lassen Sie uns die perfekte Beleuchtung f\u00fcr Ihren wichtigsten Tag kreieren!<\/p>\n<p>&nbsp;<\/p>\n<\/div><\/div><\/div><\/div><div class=\"et_pb_row_7 et_pb_row et_pb_equal_columns et_pb_gutters1 et_block_row\"><div class=\"et_pb_column_7 et_pb_column et_pb_column_1_3 et_block_column et_pb_css_mix_blend_mode_passthrough\"><div class=\"et_pb_blurb_0 et_pb_blurb et_pb_bg_layout_dark et_pb_blurb_position_left et_pb_module et_block_module\"><div class=\"et_pb_blurb_content\"><div class=\"et_pb_main_blurb_image\"><span class=\"et_pb_image_wrap\"><span class=\"et-pb-icon et_animated et_animated\">\ue076<\/span><\/span><\/div><div class=\"et_pb_blurb_container\"><h4 class=\"et_pb_module_header\">hello@tsisma.com<\/h4><\/div><\/div><\/div><div class=\"et_pb_blurb_1 et_pb_blurb et_pb_bg_layout_dark et_pb_blurb_position_left et_pb_module et_block_module\"><div class=\"et_pb_blurb_content\"><div class=\"et_pb_main_blurb_image\"><span class=\"et_pb_image_wrap\"><span class=\"et-pb-icon et_animated et_animated\">\ue090<\/span><\/span><\/div><div class=\"et_pb_blurb_container\"><h4 class=\"et_pb_module_header\">+306973054655<\/h4><\/div><\/div><\/div><div class=\"et_pb_blurb_2 et_pb_blurb et_pb_bg_layout_dark et_pb_blurb_position_left et_pb_module et_block_module\"><div class=\"et_pb_blurb_content\"><div class=\"et_pb_main_blurb_image\"><span class=\"et_pb_image_wrap\"><span class=\"et-pb-icon et_animated et_animated\">\ue081<\/span><\/span><\/div><div class=\"et_pb_blurb_container\"><h4 class=\"et_pb_module_header\">Standorte<\/h4><div class=\"et_pb_blurb_description\"><p>\u0398\u03b5\u03c3\u03c3\u03b1\u03bb\u03bf\u03bd\u03af\u03ba\u03b7<br \/>\n\u0391\u03b8\u03ae\u03bd\u03b1<br \/>\n\u039c\u03cd\u03ba\u03bf\u03bd\u03bf\u03c2<\/p>\n<\/div><\/div><\/div><\/div><ul class=\"et_pb_social_media_follow_0 et_pb_social_media_follow clearfix et_pb_bg_layout_light et_pb_text_align_center et_pb_module et_block_module\"><li class=\"et_pb_social_media_follow_network_0 et_pb_social_media_follow_network et_pb_social_icon et_pb_social_network_link et-social-facebook et_pb_module et_flex_module\"><a href=\"https:\/\/www.facebook.com\/tsismaevents\/\" class=\"icon\" target=\"_self\" title=\"Auf Facebook folgen\" rel=\"noopener\"><span class=\"et_pb_social_media_follow_network_name\">Folgen<\/span><\/a><\/li><li class=\"et_pb_social_media_follow_network_1 et_pb_social_media_follow_network et_pb_social_icon et_pb_social_network_link et-social-twitter et_pb_module et_flex_module\"><a href=\"https:\/\/twitter.com\/tsisma_events\" class=\"icon\" target=\"_self\" title=\"Auf Twitter folgen\" rel=\"noopener\"><span class=\"et_pb_social_media_follow_network_name\">Folgen<\/span><\/a><\/li><li class=\"et_pb_social_media_follow_network_2 et_pb_social_media_follow_network et_pb_social_icon et_pb_social_network_link et-social-instagram et_pb_module et_flex_module\"><a href=\"https:\/\/www.instagram.com\/tsisma_events\/\" class=\"icon\" target=\"_self\" title=\"Auf Instagram folgen\" rel=\"noopener\"><span class=\"et_pb_social_media_follow_network_name\">Folgen<\/span><\/a><\/li><li class=\"et_pb_social_media_follow_network_3 et_pb_social_media_follow_network et_pb_social_icon et_pb_social_network_link et-social-linkedin et_pb_module et_flex_module\"><a href=\"#\" class=\"icon\" target=\"_self\" title=\"Auf Linkedin folgen\" rel=\"noopener\"><span class=\"et_pb_social_media_follow_network_name\">Folgen<\/span><\/a><\/li><li class=\"et_pb_social_media_follow_network_4 et_pb_social_media_follow_network et_pb_social_icon et_pb_social_network_link et-social-youtube et_pb_module et_flex_module\"><a href=\"https:\/\/www.youtube.com\/channel\/UClHUbuXK9CnABkT9XfY0UUw\" class=\"icon\" target=\"_self\" title=\"Auf Youtube folgen\" rel=\"noopener\"><span class=\"et_pb_social_media_follow_network_name\">Folgen<\/span><\/a><\/li><li class=\"et_pb_social_media_follow_network_5 et_pb_social_media_follow_network et_pb_social_icon et_pb_social_network_link et-pb-social-fa-icon et-social-tiktok et_pb_module et_flex_module\"><a href=\"#\" class=\"icon\" target=\"_self\" title=\"Auf Tiktok folgen\" rel=\"noopener\"><span class=\"et_pb_social_media_follow_network_name\">Folgen<\/span><\/a><\/li><li class=\"et_pb_social_media_follow_network_6 et_pb_social_media_follow_network et_pb_social_icon et_pb_social_network_link et-pb-social-fa-icon et-social-spotify et_pb_module et_flex_module\"><a href=\"#\" class=\"icon\" target=\"_self\" title=\"Auf Spotify folgen\" rel=\"noopener\"><span class=\"et_pb_social_media_follow_network_name\">Folgen<\/span><\/a><\/li><li class=\"et_pb_social_media_follow_network_7 et_pb_social_media_follow_network et_pb_social_icon et_pb_social_network_link et-social-pinterest et_pb_module et_flex_module\"><a href=\"https:\/\/pin.it\/53s7Z49\" class=\"icon\" target=\"_self\" title=\"Auf Pinterest folgen\" rel=\"noopener\"><span class=\"et_pb_social_media_follow_network_name\">Folgen<\/span><\/a><\/li><li class=\"et_pb_social_media_follow_network_8 et_pb_social_media_follow_network et_pb_social_icon et_pb_social_network_link et-pb-social-fa-icon et-social-whatsapp et_pb_module et_flex_module\"><a href=\"http:\/\/+306973054655\" class=\"icon\" target=\"_self\" title=\"Auf Whatsapp folgen\" rel=\"noopener\"><span class=\"et_pb_social_media_follow_network_name\">Folgen<\/span><\/a><\/li><\/ul><\/div><div class=\"et_pb_column_8 et_pb_column et_pb_column_2_3 et-last-child et_block_column et_pb_css_mix_blend_mode_passthrough\"><div class=\"et_pb_contact_form_0 et_pb_contact_form_container clearfix et_pb_recaptcha_enabled et_animated et_pb_module et_flex_module\" data-form_unique_num=\"0\" data-form_unique_id=\"72963492-779d-4b38-b92f-5eda9b88ffa7\" id=\"et_pb_contact_form_0\"><div class=\"et-pb-contact-message\"><\/div><div class=\"et_pb_contact\"><form class=\"et_pb_contact_form et_flex_module\" method=\"post\" action=\"https:\/\/staging.tsisma.com\/de\/wp-json\/wp\/v2\/pages\/245754\"><div class=\"et_pb_contact_field_0 et_pb_contact_field et_pb_module et_flex_module et_flex_column_24_24 et_flex_column_24_24_tablet et_flex_column_24_24_phone\" data-id=\"name\" data-type=\"input\"><label class=\"et_pb_contact_form_label\" for=\"et_pb_contact_0_name_0\">Vollst\u00e4ndiger Name<\/label><input type=\"text\" name=\"et_pb_contact_0_name_0\" id=\"et_pb_contact_0_name_0\" class=\"input\" data-required_mark=\"required\" data-field_type=\"input\" data-original_id=\"name\" placeholder=\"Vollst\u00e4ndiger Name\" title=\"\" value=\"\" \/><\/div><div class=\"et_pb_contact_field_1 et_pb_contact_field et_pb_module et_flex_module et_flex_column_24_24 et_flex_column_24_24_tablet et_flex_column_24_24_phone\" data-id=\"email\" data-type=\"email\"><label class=\"et_pb_contact_form_label\" for=\"et_pb_contact_0_email_1\">E-Mail Adresse<\/label><input type=\"text\" name=\"et_pb_contact_0_email_1\" id=\"et_pb_contact_0_email_1\" class=\"input\" data-required_mark=\"required\" data-field_type=\"email\" data-original_id=\"email\" placeholder=\"E-Mail Adresse\" title=\"\" value=\"\" \/><\/div><div class=\"et_pb_contact_field_2 et_pb_contact_field et_pb_module et_flex_module et_flex_column_24_24 et_flex_column_24_24_tablet et_flex_column_24_24_phone\" data-id=\"tel\" data-type=\"input\"><label class=\"et_pb_contact_form_label\" for=\"et_pb_contact_0_tel_2\">Telefonischer Kontakt<\/label><input type=\"text\" name=\"et_pb_contact_0_tel_2\" id=\"et_pb_contact_0_tel_2\" class=\"input\" data-required_mark=\"required\" data-field_type=\"input\" data-original_id=\"tel\" placeholder=\"Telefonischer Kontakt\" title=\"\" value=\"\" \/><\/div><div class=\"et_pb_contact_field_3 et_pb_contact_field et_pb_module et_flex_module et_flex_column_24_24 et_flex_column_24_24_tablet et_flex_column_24_24_phone\" data-id=\"type_of_event\" data-type=\"select\"><label class=\"et_pb_contact_form_label\" for=\"et_pb_contact_0_type_of_event_3\">Art der Veranstaltung<\/label><select name=\"et_pb_contact_0_type_of_event_3\" id=\"et_pb_contact_0_type_of_event_3\" class=\"et_pb_contact_select input\" data-required_mark=\"required\" data-field_type=\"select\" data-original_id=\"type_of_event\"><option value=\"\">Art der Veranstaltung<\/option><option value=\"Firmenveranstaltung\" data-id=\"\">Firmenveranstaltung<\/option><option value=\"Hochzeit\" data-id=\"\">Hochzeit<\/option><option value=\"Eine weitere private Veranstaltung\" data-id=\"\">Eine weitere private Veranstaltung<\/option><\/select><\/div><div class=\"et_pb_contact_field_4 et_pb_contact_field et_pb_module et_flex_module et_flex_column_24_24 et_flex_column_24_24_tablet et_flex_column_24_24_phone\" data-id=\"message\" data-type=\"text\"><label class=\"et_pb_contact_form_label\" for=\"et_pb_contact_0_message_4\">Ihre Nachricht<\/label><textarea name=\"et_pb_contact_0_message_4\" id=\"et_pb_contact_0_message_4\" class=\"et_pb_contact_message input\" data-required_mark=\"required\" data-field_type=\"text\" data-original_id=\"message\" placeholder=\"Ihre Nachricht\"><\/textarea><\/div><input type=\"hidden\" name=\"et_pb_contactform_submit_72963492-779d-4b38-b92f-5eda9b88ffa7\" value=\"et_contact_proccess\" \/><div class=\"et_contact_bottom_container\"><div class=\"et_pb_button_wrapper\"><button type=\"submit\" name=\"et_builder_submit_button\" class=\"et_pb_button et_pb_contact_submit\" data-icon=\"E\">Senden an<\/button><\/div><\/div><input type=\"hidden\" id=\"_wpnonce-et-pb-contact-form-submitted-72963492-779d-4b38-b92f-5eda9b88ffa7\" name=\"_wpnonce-et-pb-contact-form-submitted-72963492-779d-4b38-b92f-5eda9b88ffa7\" value=\"d64b3424f7\" \/><input type=\"hidden\" name=\"_wp_http_referer\" value=\"\/de\/wp-json\/wp\/v2\/pages\/245754\" \/><\/form><\/div><\/div><\/div><\/div><\/div>","protected":false},"excerpt":{"rendered":"","protected":false},"author":1,"featured_media":0,"parent":0,"menu_order":0,"comment_status":"closed","ping_status":"closed","template":"","meta":{"footnotes":""},"class_list":["post-245754","page","type-page","status-publish","hentry"],"_links":{"self":[{"href":"https:\/\/staging.tsisma.com\/de\/wp-json\/wp\/v2\/pages\/245754","targetHints":{"allow":["GET"]}}],"collection":[{"href":"https:\/\/staging.tsisma.com\/de\/wp-json\/wp\/v2\/pages"}],"about":[{"href":"https:\/\/staging.tsisma.com\/de\/wp-json\/wp\/v2\/types\/page"}],"author":[{"embeddable":true,"href":"https:\/\/staging.tsisma.com\/de\/wp-json\/wp\/v2\/users\/1"}],"replies":[{"embeddable":true,"href":"https:\/\/staging.tsisma.com\/de\/wp-json\/wp\/v2\/comments?post=245754"}],"version-history":[{"count":1,"href":"https:\/\/staging.tsisma.com\/de\/wp-json\/wp\/v2\/pages\/245754\/revisions"}],"predecessor-version":[{"id":246258,"href":"https:\/\/staging.tsisma.com\/de\/wp-json\/wp\/v2\/pages\/245754\/revisions\/246258"}],"wp:attachment":[{"href":"https:\/\/staging.tsisma.com\/de\/wp-json\/wp\/v2\/media?parent=245754"}],"curies":[{"name":"wp","href":"https:\/\/api.w.org\/{rel}","templated":true}]}}