{"id":245567,"date":"2024-07-24T16:55:28","date_gmt":"2024-07-24T13:55:28","guid":{"rendered":"https:\/\/tsisma.com\/360-video-kabine\/"},"modified":"2026-04-22T11:35:17","modified_gmt":"2026-04-22T08:35:17","slug":"360-video-kabine","status":"publish","type":"page","link":"https:\/\/staging.tsisma.com\/de\/360-video-kabine\/","title":{"rendered":"360 Video-Kabine"},"content":{"rendered":"<div class=\"et_pb_section_0 et_pb_section et_section_regular et_block_section et-pb-has-background-video et_pb_preload\"><span class=\"et-pb-background-video\"><video autoplay loop playsinline muted><source type=\"video\/mp4\" src=\"https:\/\/staging.tsisma.com\/wp-content\/uploads\/2024\/07\/360-video-booth-thessaloniki.mp4\" \/><\/video><\/span><div class=\"et_pb_row_0 et_pb_row et_pb_gutters1 et_block_row\"><div class=\"et_pb_column_0 et_pb_column et_pb_column_4_4 et-last-child et_block_column et_pb_css_mix_blend_mode_passthrough\"><div class=\"et_pb_text_0 et_pb_text et_pb_bg_layout_light et_pb_module et_block_module\"><div class=\"et_pb_text_inner\"><p><strong>Das beste Videovermessungserlebnis in Griechenland<\/strong><\/p>\n<p>&nbsp;<\/p>\n<\/div><\/div><div class=\"et_pb_text_1 et_pb_text et_pb_bg_layout_light et_pb_module et_block_module\"><div class=\"et_pb_text_inner\"><p>Willkommen bei <strong>Tsisma Iconic Events<\/strong>! Wir haben unseren Sitz in <strong>Thessaloniki<\/strong> und sind in ganz <strong>Griechenland<\/strong> t\u00e4tig. Wir bieten Ihnen das modernste und beeindruckendste Erlebnis mit unserem <strong>360 Video Booth<\/strong>. Wir bedienen insbesondere <strong>Thessaloniki<\/strong> und andere gro\u00dfe St\u00e4dte in Nordgriechenland, wie <strong>Kavala<\/strong>, <strong>Alexandroupolis<\/strong>, <strong>Larissa<\/strong> und <strong>Ioannina<\/strong>.<\/p>\n<h4><\/h4>\n<h4><\/h4>\n<\/div><\/div><\/div><\/div><\/div><div class=\"et_pb_section_1 et_pb_section et_section_regular et_block_section\"><div class=\"et_pb_row_1 et_pb_row et_block_row\"><div class=\"et_pb_column_1 et_pb_column et_pb_column_4_4 et-last-child et_block_column et_pb_css_mix_blend_mode_passthrough\"><div class=\"et_pb_text_2 et_pb_text et_pb_bg_layout_light et_pb_module et_block_module\"><div class=\"et_pb_text_inner\"><p style=\"text-align: center;\">Was wir anbieten<\/p>\n<\/div><\/div><div class=\"et_pb_text_3 et_pb_text et_pb_bg_layout_light et_pb_module et_block_module et_pb_text_align_center\"><div class=\"et_pb_text_inner\"><p>Unsere <strong>360-Video-Kabine<\/strong> hat eine Plattform mit einem Meter Durchmesser und bietet Platz f\u00fcr bis zu 4 Erwachsene zur gleichen Zeit. Dank des branchenf\u00fchrenden <strong>hochaufl\u00f6senden<\/strong> Videoaufnahmeprogramms wird jeder Moment in atemberaubender Klarheit und Qualit\u00e4t festgehalten. Ihre G\u00e4ste werden ein einzigartiges Videoerlebnis genie\u00dfen, das Ihre Veranstaltung unvergesslich machen wird.<\/p>\n<h4><\/h4>\n<\/div><\/div><\/div><\/div><div class=\"et_pb_row_2 et_pb_row et_pb_gutters2 et_block_row\"><div class=\"et_pb_column_2 et_pb_column et_pb_column_2_5 et_block_column et_pb_css_mix_blend_mode_passthrough\">[dsm_flipbox_child title=\"Sofortige Freigabe in sozialen Netzwerken\" use_icon=\"on\" font_icon=\"&#xe0b7;||divi||400\" icon_color=\"#B87F13\" use_icon_font_size=\"on\" icon_font_size=\"80px\" button_url=\"#\" button_url_new_window=1 _builder_version=\"4.27.0\" _module_preset=\"default\" header_font=\"||||||||\" header_font_size=\"30px\" content_font=\"Montserrat||||||||\" subhead_font=\"Montserrat||||||||\" background_color=\"#4F4F4F\" background_enable_color=\"on\" background_enable_image=\"off\" background_blend=\"overlay\" custom_button=\"on\" button_text_size=\"14px\" button_text_color=\"#1abc89\" button_bg_color=\"#FFFFFF\" button_border_width=\"0px\" button_border_radius=\"3px\" button_font=\"Montserrat|600|||||||\" text_orientation=\"center\" background_layout=\"dark\" custom_padding=\"|25px||25px|false|true\" button_font_last_edited=\"off|desktop\" border_width_all=\"2px\" border_color_all=\"#FFFFFF\" global_colors_info=\"{}\" parent_header_level=\"h3\"][\/dsm_flipbox_child][dsm_flipbox_child button_url_new_window=1 _builder_version=\"4.27.0\" _module_preset=\"default\" header_font=\"Montserrat|700|||||||\" header_font_size=\"22px\" content_font=\"|300|||||||\" content_text_color=\"gcid-09beeb5f-9a99-4e79-b36b-82cb75df9760\" content_font_size=\"18px\" subhead_font=\"Montserrat||||||||\" background_color=\"#EAE9E3\" background_enable_color=\"on\" background_enable_image=\"off\" background_blend=\"overlay\" text_orientation=\"center\" background_layout=\"dark\" custom_padding=\"|20px||20px|false|true\" global_colors_info=\"{%22gcid-09beeb5f-9a99-4e79-b36b-82cb75df9760%22:%91%22content_text_color%22%93}\" parent_header_level=\"h3\"]<p><strong>Videoclips<\/strong> werden sofort in <strong>sozialen Netzwerken<\/strong> geteilt, so dass Sie Ihre Momente mit Freunden und Familie in Echtzeit teilen k\u00f6nnen. Mit diesem Service k\u00f6nnen Ihre G\u00e4ste ihre Erinnerungen sofort ansehen und mit anderen teilen und so ein interaktives und ansprechendes Erlebnis schaffen.<\/p>\n<h4><\/h4>\n<h4><\/h4>[\/dsm_flipbox_child]<\/div><div class=\"et_pb_column_3 et_pb_column et_pb_column_3_5 et-last-child et_block_column et_pb_css_mix_blend_mode_passthrough\"><\/div><\/div><div class=\"et_pb_row_3 et_pb_row et_pb_gutters2 et_block_row\"><div class=\"et_pb_column_4 et_pb_column et_pb_column_3_5 et_block_column et_pb_css_mix_blend_mode_passthrough\"><\/div><div class=\"et_pb_column_5 et_pb_column et_pb_column_2_5 et-last-child et_block_column et_pb_css_mix_blend_mode_passthrough\">[dsm_flipbox_child title=\"Flexible Mietoptionen\" use_icon=\"on\" font_icon=\"&#xf87c;||fa||900\" icon_color=\"#FFFFFF\" use_icon_font_size=\"on\" icon_font_size=\"80px\" button_url=\"#\" button_url_new_window=1 _builder_version=\"4.27.0\" _module_preset=\"default\" header_font=\"||||||||\" header_text_color=\"#FFFFFF\" header_font_size=\"30px\" content_font=\"Montserrat||||||||\" subhead_font=\"Montserrat||||||||\" background_color=\"#B87F13\" background_enable_color=\"on\" background_enable_image=\"off\" background_blend=\"overlay\" custom_button=\"on\" button_text_size=\"14px\" button_text_color=\"#1abc89\" button_bg_color=\"#FFFFFF\" button_border_width=\"0px\" button_border_radius=\"3px\" button_font=\"Montserrat|600|||||||\" text_orientation=\"center\" background_layout=\"dark\" custom_padding=\"|25px||25px|false|true\" button_font_last_edited=\"off|desktop\" border_width_all=\"2px\" border_color_all=\"#FFFFFF\" global_colors_info=\"{}\" parent_header_level=\"h3\"][\/dsm_flipbox_child][dsm_flipbox_child button_url_new_window=1 _builder_version=\"4.27.0\" _module_preset=\"default\" header_font=\"Montserrat|700|||||||\" header_font_size=\"22px\" content_font=\"|300|||||||\" content_text_color=\"gcid-09beeb5f-9a99-4e79-b36b-82cb75df9760\" content_font_size=\"18px\" subhead_font=\"Montserrat||||||||\" background_color=\"#EAE9E3\" background_enable_color=\"on\" background_enable_image=\"off\" background_blend=\"overlay\" text_orientation=\"center\" background_layout=\"dark\" custom_padding=\"|20px||20px|false|true\" global_colors_info=\"{%22gcid-09beeb5f-9a99-4e79-b36b-82cb75df9760%22:%91%22content_text_color%22%93}\" parent_header_level=\"h3\"]<p>Der <strong>360 Video Booth<\/strong> kann zwischen 3 und 8 Stunden gemietet werden, je nach den Bed\u00fcrfnissen Ihrer Veranstaltung. Diese Flexibilit\u00e4t stellt sicher, dass Sie den Service an die Anforderungen und den Zeitplan Ihrer Veranstaltung anpassen k\u00f6nnen, egal ob es sich um eine kurze Hochzeit oder eine ganzt\u00e4gige Firmenveranstaltung handelt.<\/p>\n<h4><\/h4>\n<h4><\/h4>\n<h4><\/h4>[\/dsm_flipbox_child]<\/div><\/div><div class=\"et_pb_row_4 et_pb_row et_pb_gutters2 et_block_row\"><div class=\"et_pb_column_6 et_pb_column et_pb_column_2_5 et_block_column et_pb_css_mix_blend_mode_passthrough\">[dsm_flipbox_child title=\"Anpassung und Personalisierung\" use_icon=\"on\" font_icon=\"&#xf4ff;||fa||900\" icon_color=\"#FFFFFF\" use_icon_font_size=\"on\" icon_font_size=\"80px\" button_url=\"#\" button_url_new_window=1 _builder_version=\"4.27.0\" _module_preset=\"default\" header_font=\"||||||||\" header_text_color=\"#FFFFFF\" header_font_size=\"30px\" content_font=\"Montserrat||||||||\" subhead_font=\"Montserrat||||||||\" background_color=\"#B87F13\" background_enable_color=\"on\" background_enable_image=\"off\" background_blend=\"overlay\" custom_button=\"on\" button_text_size=\"14px\" button_text_color=\"#1abc89\" button_bg_color=\"#FFFFFF\" button_border_width=\"0px\" button_border_radius=\"3px\" button_font=\"Montserrat|600|||||||\" text_orientation=\"center\" background_layout=\"dark\" custom_padding=\"|25px||25px|false|true\" button_font_last_edited=\"off|desktop\" border_width_all=\"2px\" border_color_all=\"#FFFFFF\" global_colors_info=\"{}\" parent_header_level=\"h3\"][\/dsm_flipbox_child][dsm_flipbox_child button_url_new_window=1 _builder_version=\"4.27.0\" _module_preset=\"default\" header_font=\"Montserrat|700|||||||\" header_font_size=\"22px\" content_font=\"|300|||||||\" content_text_color=\"gcid-09beeb5f-9a99-4e79-b36b-82cb75df9760\" content_font_size=\"18px\" subhead_font=\"Montserrat||||||||\" background_color=\"#EAE9E3\" background_enable_color=\"on\" background_enable_image=\"off\" background_blend=\"overlay\" text_orientation=\"center\" background_layout=\"dark\" custom_padding=\"|20px||20px|false|true\" global_colors_info=\"{%22gcid-09beeb5f-9a99-4e79-b36b-82cb75df9760%22:%91%22content_text_color%22%93}\" parent_header_level=\"h3\"]<p>Wir sind in der Lage, <strong>Ihren Videos Ebenen<\/strong> und <strong>Hintergrundmusik<\/strong> hinzuzuf\u00fcgen und bieten Ihnen so ein individuelles Erlebnis, das Ihre G\u00e4ste beeindrucken wird. Die Hintergrundmusik kann passend zum Thema Ihrer Veranstaltung ausgew\u00e4hlt werden, w\u00e4hrend die Ebenen Ihr Firmenlogo oder andere grafische Elemente enthalten k\u00f6nnen.<\/p>\n<h4><\/h4>\n<h4><\/h4>[\/dsm_flipbox_child]<\/div><div class=\"et_pb_column_7 et_pb_column et_pb_column_3_5 et-last-child et_block_column et_pb_css_mix_blend_mode_passthrough\"><\/div><\/div><div class=\"et_pb_row_5 et_pb_row et_pb_gutters2 et_block_row\"><div class=\"et_pb_column_8 et_pb_column et_pb_column_3_5 et_block_column et_pb_css_mix_blend_mode_passthrough\"><\/div><div class=\"et_pb_column_9 et_pb_column et_pb_column_2_5 et-last-child et_block_column et_pb_css_mix_blend_mode_passthrough\">[dsm_flipbox_child title=\"Alle Videos in einem Link\" use_icon=\"on\" font_icon=\"&#xf0c1;||fa||900\" icon_color=\"#FFFFFF\" use_icon_font_size=\"on\" icon_font_size=\"80px\" button_url=\"#\" button_url_new_window=1 _builder_version=\"4.27.0\" _module_preset=\"default\" header_font=\"||||||||\" header_text_color=\"#FFFFFF\" header_font_size=\"30px\" content_font=\"Montserrat||||||||\" subhead_font=\"Montserrat||||||||\" background_color=\"#B87F13\" background_enable_color=\"on\" background_enable_image=\"off\" background_blend=\"overlay\" custom_button=\"on\" button_text_size=\"14px\" button_text_color=\"#1abc89\" button_bg_color=\"#FFFFFF\" button_border_width=\"0px\" button_border_radius=\"3px\" button_font=\"Montserrat|600|||||||\" text_orientation=\"center\" background_layout=\"dark\" custom_padding=\"|25px||25px|false|true\" button_font_last_edited=\"off|desktop\" border_width_all=\"2px\" border_color_all=\"#FFFFFF\" global_colors_info=\"{}\" parent_header_level=\"h3\"][\/dsm_flipbox_child][dsm_flipbox_child button_url_new_window=1 _builder_version=\"4.27.0\" _module_preset=\"default\" header_font=\"Montserrat|700|||||||\" header_font_size=\"22px\" content_font=\"|300|||||||\" content_text_color=\"gcid-09beeb5f-9a99-4e79-b36b-82cb75df9760\" content_font_size=\"18px\" subhead_font=\"Montserrat||||||||\" background_color=\"#EAE9E3\" background_enable_color=\"on\" background_enable_image=\"off\" background_blend=\"overlay\" text_orientation=\"center\" background_layout=\"dark\" custom_padding=\"|20px||20px|false|true\" global_colors_info=\"{%22gcid-09beeb5f-9a99-4e79-b36b-82cb75df9760%22:%91%22content_text_color%22%93}\" parent_header_level=\"h3\"]<p>Am Ende jeder Veranstaltung erhalten Sie alle <strong>Videos<\/strong> \u00fcber einen Link, so dass Sie Ihre Lieblingsmomente leicht abrufen und speichern k\u00f6nnen. Dieser Link wird unmittelbar nach der Veranstaltung bereitgestellt, so dass Sie die Videos ganz einfach herunterladen und weitergeben k\u00f6nnen.<\/p>\n<h4><\/h4>\n<h4><\/h4>[\/dsm_flipbox_child]<\/div><\/div><div class=\"et_pb_row_6 et_pb_row et_pb_gutters2 et_block_row\"><div class=\"et_pb_column_10 et_pb_column et_pb_column_2_5 et_block_column et_pb_css_mix_blend_mode_passthrough\">[dsm_flipbox_child title=\"Requisiten f\u00fcr alle Anl\u00e4sse\" use_icon=\"on\" font_icon=\"&#xf6fa;||fa||900\" icon_color=\"#FFFFFF\" use_icon_font_size=\"on\" icon_font_size=\"80px\" button_url=\"#\" button_url_new_window=1 _builder_version=\"4.27.0\" _module_preset=\"default\" header_font=\"||||||||\" header_text_color=\"#FFFFFF\" header_font_size=\"30px\" content_font=\"Montserrat||||||||\" subhead_font=\"Montserrat||||||||\" background_color=\"#B87F13\" background_enable_color=\"on\" background_enable_image=\"off\" background_blend=\"overlay\" custom_button=\"on\" button_text_size=\"14px\" button_text_color=\"#1abc89\" button_bg_color=\"#FFFFFF\" button_border_width=\"0px\" button_border_radius=\"3px\" button_font=\"Montserrat|600|||||||\" text_orientation=\"center\" background_layout=\"dark\" custom_padding=\"|25px||25px|false|true\" button_font_last_edited=\"off|desktop\" border_width_all=\"2px\" border_color_all=\"#FFFFFF\" global_colors_info=\"{}\" parent_header_level=\"h3\"][\/dsm_flipbox_child][dsm_flipbox_child button_url_new_window=1 _builder_version=\"4.27.0\" _module_preset=\"default\" header_font=\"Montserrat|700|||||||\" header_font_size=\"22px\" content_font=\"|300|||||||\" content_text_color=\"gcid-09beeb5f-9a99-4e79-b36b-82cb75df9760\" content_font_size=\"18px\" subhead_font=\"Montserrat||||||||\" background_color=\"#EAE9E3\" background_enable_color=\"on\" background_enable_image=\"off\" background_blend=\"overlay\" text_orientation=\"center\" background_layout=\"dark\" custom_padding=\"|20px||20px|false|true\" global_colors_info=\"{%22gcid-09beeb5f-9a99-4e79-b36b-82cb75df9760%22:%91%22content_text_color%22%93}\" parent_header_level=\"h3\"]<p>Wir haben eine Vielzahl von <strong>Requisiten<\/strong> f\u00fcr alle Anl\u00e4sse, damit Ihre G\u00e4ste ein unterhaltsames und unvergessliches Erlebnis haben werden. Von H\u00fcten und Brillen bis hin zu thematischen Accessoires - unsere Requisiten sorgen f\u00fcr Spa\u00df und eine Extraportion Freude bei Ihren Videoaufnahmen.<\/p>\n<h3><\/h3>\n<h3><\/h3>\n<h3><\/h3>\n<h4><\/h4>[\/dsm_flipbox_child]<\/div><div class=\"et_pb_column_11 et_pb_column et_pb_column_3_5 et-last-child et_block_column et_pb_css_mix_blend_mode_passthrough\"><\/div><\/div><\/div><div class=\"et_pb_section_2 et_pb_section et_section_regular et_block_section\"><div class=\"et_pb_row_7 et_pb_row et_block_row\"><div class=\"et_pb_column_12 et_pb_column et_pb_column_4_4 et-last-child et_block_column et_pb_css_mix_blend_mode_passthrough\"><div class=\"et_pb_text_4 et_pb_text et_pb_bg_layout_light et_pb_module et_block_module\"><div class=\"et_pb_text_inner\"><p><strong>Kontaktieren Sie uns<\/strong>, um mehr zu erfahren und den <strong>360 Video Booth<\/strong> f\u00fcr Ihre n\u00e4chste Veranstaltung zu buchen. Unser Team hilft Ihnen gerne bei der Planung und Organisation des perfekten Videoerlebnisses f\u00fcr jeden Anlass.<\/p>\n<p>&nbsp;<\/p>\n<\/div><\/div><\/div><\/div><div class=\"et_pb_row_8 et_pb_row et_pb_equal_columns et_pb_gutters1 et_block_row\"><div class=\"et_pb_column_13 et_pb_column et_pb_column_1_3 et_block_column et_pb_css_mix_blend_mode_passthrough\"><div class=\"et_pb_blurb_0 et_pb_blurb et_pb_bg_layout_dark et_pb_blurb_position_left et_pb_module et_block_module\"><div class=\"et_pb_blurb_content\"><div class=\"et_pb_main_blurb_image\"><span class=\"et_pb_image_wrap\"><span class=\"et-pb-icon et_animated et_animated\">\ue076<\/span><\/span><\/div><div class=\"et_pb_blurb_container\"><h4 class=\"et_pb_module_header\">hello@tsisma.com<\/h4><\/div><\/div><\/div><div class=\"et_pb_blurb_1 et_pb_blurb et_pb_bg_layout_dark et_pb_blurb_position_left et_pb_module et_block_module\"><div class=\"et_pb_blurb_content\"><div class=\"et_pb_main_blurb_image\"><span class=\"et_pb_image_wrap\"><span class=\"et-pb-icon et_animated et_animated\">\ue090<\/span><\/span><\/div><div class=\"et_pb_blurb_container\"><h4 class=\"et_pb_module_header\">+306973054655<\/h4><\/div><\/div><\/div><div class=\"et_pb_blurb_2 et_pb_blurb et_pb_bg_layout_dark et_pb_blurb_position_left et_pb_module et_block_module\"><div class=\"et_pb_blurb_content\"><div class=\"et_pb_main_blurb_image\"><span class=\"et_pb_image_wrap\"><span class=\"et-pb-icon et_animated et_animated\">\ue081<\/span><\/span><\/div><div class=\"et_pb_blurb_container\"><h4 class=\"et_pb_module_header\">Standorte<\/h4><div class=\"et_pb_blurb_description\"><p>Thessaloniki Athen Mykonos<\/p>\n<\/div><\/div><\/div><\/div><ul class=\"et_pb_social_media_follow_0 et_pb_social_media_follow clearfix et_pb_bg_layout_light et_pb_text_align_center et_pb_module et_block_module\"><li class=\"et_pb_social_media_follow_network_0 et_pb_social_media_follow_network et_pb_social_icon et_pb_social_network_link et-social-facebook et_pb_module et_flex_module\"><a href=\"https:\/\/www.facebook.com\/tsismaevents\/\" class=\"icon\" target=\"_self\" title=\"Auf Facebook folgen\" rel=\"noopener\"><span class=\"et_pb_social_media_follow_network_name\">Folgen<\/span><\/a><\/li><li class=\"et_pb_social_media_follow_network_1 et_pb_social_media_follow_network et_pb_social_icon et_pb_social_network_link et-social-twitter et_pb_module et_flex_module\"><a href=\"https:\/\/twitter.com\/tsisma_events\" class=\"icon\" target=\"_self\" title=\"Auf Twitter folgen\" rel=\"noopener\"><span class=\"et_pb_social_media_follow_network_name\">Folgen<\/span><\/a><\/li><li class=\"et_pb_social_media_follow_network_2 et_pb_social_media_follow_network et_pb_social_icon et_pb_social_network_link et-social-instagram et_pb_module et_flex_module\"><a href=\"https:\/\/www.instagram.com\/tsisma_events\/\" class=\"icon\" target=\"_self\" title=\"Auf Instagram folgen\" rel=\"noopener\"><span class=\"et_pb_social_media_follow_network_name\">Folgen<\/span><\/a><\/li><li class=\"et_pb_social_media_follow_network_3 et_pb_social_media_follow_network et_pb_social_icon et_pb_social_network_link et-social-linkedin et_pb_module et_flex_module\"><a href=\"#\" class=\"icon\" target=\"_self\" title=\"Auf Linkedin folgen\" rel=\"noopener\"><span class=\"et_pb_social_media_follow_network_name\">Folgen<\/span><\/a><\/li><li class=\"et_pb_social_media_follow_network_4 et_pb_social_media_follow_network et_pb_social_icon et_pb_social_network_link et-social-youtube et_pb_module et_flex_module\"><a href=\"https:\/\/www.youtube.com\/channel\/UClHUbuXK9CnABkT9XfY0UUw\" class=\"icon\" target=\"_self\" title=\"Auf Youtube folgen\" rel=\"noopener\"><span class=\"et_pb_social_media_follow_network_name\">Folgen<\/span><\/a><\/li><li class=\"et_pb_social_media_follow_network_5 et_pb_social_media_follow_network et_pb_social_icon et_pb_social_network_link et-pb-social-fa-icon et-social-tiktok et_pb_module et_flex_module\"><a href=\"#\" class=\"icon\" target=\"_self\" title=\"Auf Tiktok folgen\" rel=\"noopener\"><span class=\"et_pb_social_media_follow_network_name\">Folgen<\/span><\/a><\/li><li class=\"et_pb_social_media_follow_network_6 et_pb_social_media_follow_network et_pb_social_icon et_pb_social_network_link et-pb-social-fa-icon et-social-spotify et_pb_module et_flex_module\"><a href=\"#\" class=\"icon\" target=\"_self\" title=\"Auf Spotify folgen\" rel=\"noopener\"><span class=\"et_pb_social_media_follow_network_name\">Folgen<\/span><\/a><\/li><li class=\"et_pb_social_media_follow_network_7 et_pb_social_media_follow_network et_pb_social_icon et_pb_social_network_link et-social-pinterest et_pb_module et_flex_module\"><a href=\"https:\/\/pin.it\/53s7Z49\" class=\"icon\" target=\"_self\" title=\"Auf Pinterest folgen\" rel=\"noopener\"><span class=\"et_pb_social_media_follow_network_name\">Folgen<\/span><\/a><\/li><li class=\"et_pb_social_media_follow_network_8 et_pb_social_media_follow_network et_pb_social_icon et_pb_social_network_link et-pb-social-fa-icon et-social-whatsapp et_pb_module et_flex_module\"><a href=\"http:\/\/+306973054655\" class=\"icon\" target=\"_self\" title=\"Auf Whatsapp folgen\" rel=\"noopener\"><span class=\"et_pb_social_media_follow_network_name\">Folgen<\/span><\/a><\/li><\/ul><\/div><div class=\"et_pb_column_14 et_pb_column et_pb_column_2_3 et-last-child et_block_column et_pb_css_mix_blend_mode_passthrough\"><div class=\"et_pb_contact_form_0 et_pb_contact_form_container clearfix et_pb_recaptcha_enabled et_animated et_pb_module et_flex_module\" data-form_unique_num=\"0\" data-form_unique_id=\"72963492-779d-4b38-b92f-5eda9b88ffa7\" id=\"et_pb_contact_form_0\"><div class=\"et-pb-contact-message\"><\/div><div class=\"et_pb_contact\"><form class=\"et_pb_contact_form et_flex_module\" method=\"post\" action=\"https:\/\/staging.tsisma.com\/de\/wp-json\/wp\/v2\/pages\/245567\"><div class=\"et_pb_contact_field_0 et_pb_contact_field et_pb_module et_flex_module et_flex_column_24_24 et_flex_column_24_24_tablet et_flex_column_24_24_phone\" data-id=\"name\" data-type=\"input\"><label class=\"et_pb_contact_form_label\" for=\"et_pb_contact_0_name_0\">Vollst\u00e4ndiger Name<\/label><input type=\"text\" name=\"et_pb_contact_0_name_0\" id=\"et_pb_contact_0_name_0\" class=\"input\" data-required_mark=\"required\" data-field_type=\"input\" data-original_id=\"name\" placeholder=\"Vollst\u00e4ndiger Name\" title=\"\" value=\"\" \/><\/div><div class=\"et_pb_contact_field_1 et_pb_contact_field et_pb_module et_flex_module et_flex_column_24_24 et_flex_column_24_24_tablet et_flex_column_24_24_phone\" data-id=\"email\" data-type=\"email\"><label class=\"et_pb_contact_form_label\" for=\"et_pb_contact_0_email_1\">E-Mail Adresse<\/label><input type=\"text\" name=\"et_pb_contact_0_email_1\" id=\"et_pb_contact_0_email_1\" class=\"input\" data-required_mark=\"required\" data-field_type=\"email\" data-original_id=\"email\" placeholder=\"E-Mail Adresse\" title=\"\" value=\"\" \/><\/div><div class=\"et_pb_contact_field_2 et_pb_contact_field et_pb_module et_flex_module et_flex_column_24_24 et_flex_column_24_24_tablet et_flex_column_24_24_phone\" data-id=\"tel\" data-type=\"input\"><label class=\"et_pb_contact_form_label\" for=\"et_pb_contact_0_tel_2\">Telefonischer Kontakt<\/label><input type=\"text\" name=\"et_pb_contact_0_tel_2\" id=\"et_pb_contact_0_tel_2\" class=\"input\" data-required_mark=\"required\" data-field_type=\"input\" data-original_id=\"tel\" placeholder=\"Telefonischer Kontakt\" title=\"\" value=\"\" \/><\/div><div class=\"et_pb_contact_field_3 et_pb_contact_field et_pb_module et_flex_module et_flex_column_24_24 et_flex_column_24_24_tablet et_flex_column_24_24_phone\" data-id=\"type_of_event\" data-type=\"select\"><label class=\"et_pb_contact_form_label\" for=\"et_pb_contact_0_type_of_event_3\">Art der Veranstaltung<\/label><select name=\"et_pb_contact_0_type_of_event_3\" id=\"et_pb_contact_0_type_of_event_3\" class=\"et_pb_contact_select input\" data-required_mark=\"required\" data-field_type=\"select\" data-original_id=\"type_of_event\"><option value=\"\">Art der Veranstaltung<\/option><option value=\"Firmenveranstaltung\" data-id=\"\">Firmenveranstaltung<\/option><option value=\"Hochzeit\" data-id=\"\">Hochzeit<\/option><option value=\"Eine weitere private Veranstaltung\" data-id=\"\">Eine weitere private Veranstaltung<\/option><\/select><\/div><div class=\"et_pb_contact_field_4 et_pb_contact_field et_pb_module et_flex_module et_flex_column_24_24 et_flex_column_24_24_tablet et_flex_column_24_24_phone\" data-id=\"message\" data-type=\"text\"><label class=\"et_pb_contact_form_label\" for=\"et_pb_contact_0_message_4\">Ihre Nachricht<\/label><textarea name=\"et_pb_contact_0_message_4\" id=\"et_pb_contact_0_message_4\" class=\"et_pb_contact_message input\" data-required_mark=\"required\" data-field_type=\"text\" data-original_id=\"message\" placeholder=\"Ihre Nachricht\"><\/textarea><\/div><input type=\"hidden\" name=\"et_pb_contactform_submit_72963492-779d-4b38-b92f-5eda9b88ffa7\" value=\"et_contact_proccess\" \/><div class=\"et_contact_bottom_container\"><div class=\"et_pb_button_wrapper\"><button type=\"submit\" name=\"et_builder_submit_button\" class=\"et_pb_button et_pb_contact_submit\" data-icon=\"E\">Senden an<\/button><\/div><\/div><input type=\"hidden\" id=\"_wpnonce-et-pb-contact-form-submitted-72963492-779d-4b38-b92f-5eda9b88ffa7\" name=\"_wpnonce-et-pb-contact-form-submitted-72963492-779d-4b38-b92f-5eda9b88ffa7\" value=\"d64b3424f7\" \/><input type=\"hidden\" name=\"_wp_http_referer\" value=\"\/de\/wp-json\/wp\/v2\/pages\/245567\" \/><\/form><\/div><\/div><\/div><\/div><\/div>","protected":false},"excerpt":{"rendered":"","protected":false},"author":1,"featured_media":0,"parent":0,"menu_order":0,"comment_status":"closed","ping_status":"closed","template":"","meta":{"footnotes":""},"class_list":["post-245567","page","type-page","status-publish","hentry"],"_links":{"self":[{"href":"https:\/\/staging.tsisma.com\/de\/wp-json\/wp\/v2\/pages\/245567","targetHints":{"allow":["GET"]}}],"collection":[{"href":"https:\/\/staging.tsisma.com\/de\/wp-json\/wp\/v2\/pages"}],"about":[{"href":"https:\/\/staging.tsisma.com\/de\/wp-json\/wp\/v2\/types\/page"}],"author":[{"embeddable":true,"href":"https:\/\/staging.tsisma.com\/de\/wp-json\/wp\/v2\/users\/1"}],"replies":[{"embeddable":true,"href":"https:\/\/staging.tsisma.com\/de\/wp-json\/wp\/v2\/comments?post=245567"}],"version-history":[{"count":1,"href":"https:\/\/staging.tsisma.com\/de\/wp-json\/wp\/v2\/pages\/245567\/revisions"}],"predecessor-version":[{"id":246253,"href":"https:\/\/staging.tsisma.com\/de\/wp-json\/wp\/v2\/pages\/245567\/revisions\/246253"}],"wp:attachment":[{"href":"https:\/\/staging.tsisma.com\/de\/wp-json\/wp\/v2\/media?parent=245567"}],"curies":[{"name":"wp","href":"https:\/\/api.w.org\/{rel}","templated":true}]}}