{"id":245338,"date":"2023-07-10T23:20:45","date_gmt":"2023-07-10T20:20:45","guid":{"rendered":"https:\/\/tsisma.com\/firmenveranstaltungen\/"},"modified":"2026-04-22T11:35:10","modified_gmt":"2026-04-22T08:35:10","slug":"firmenveranstaltungen","status":"publish","type":"page","link":"https:\/\/staging.tsisma.com\/de\/firmenveranstaltungen\/","title":{"rendered":"Firmenveranstaltungen"},"content":{"rendered":"<div class=\"et_pb_section_0 et_pb_section et_section_regular et_block_section\"><div class=\"et_pb_row_0 et_pb_row et_pb_gutters1 et_block_row\"><div class=\"et_pb_column_0 et_pb_column et_pb_column_2_5 et_block_column et_pb_css_mix_blend_mode_passthrough\">[dsm_dual_heading before_text=\"DJ f\u00fcr\" middle_text=\"Firmenveranstaltungen\" heading_html_tag=\"h1\" middle_background_color=\"#B87F13\" middle_margin=\"0px||0px||false|false\" _builder_version=\"4.20.4\" _module_preset=\"default\" header_text_color=\"#FFFFFF\" header_font_size=\"60px\" header_line_height=\"1.5em\" global_colors_info=\"{}\"][\/dsm_dual_heading]<\/div><div class=\"et_pb_column_1 et_pb_column et_pb_column_3_5 et-last-child et_block_column et_pb_css_mix_blend_mode_passthrough\"><div class=\"et_pb_text_0 et_pb_text et_pb_bg_layout_light et_pb_module et_block_module\"><div class=\"et_pb_text_inner\"><h2>Jede Unternehmensveranstaltung ist anders und die Bed\u00fcrfnisse sind einzigartig. Das Team von TSISMA Iconic Events ist sich dessen bewusst und sorgt daf\u00fcr, dass alle G\u00e4ste, ob Kunden oder Mitarbeiter des Unternehmens, ein unvergessliches Erlebnis haben.<\/h2>\n<\/div><\/div><\/div><\/div><\/div><div class=\"et_pb_section_1 et_pb_section et_section_regular et_block_section\"><div class=\"et_pb_row_1 et_pb_row et_block_row\"><div class=\"et_pb_column_2 et_pb_column et_pb_column_1_2 et_block_column et_pb_css_mix_blend_mode_passthrough\"><div class=\"et_pb_blurb_0 et_pb_blurb et_pb_bg_layout_light et_pb_blurb_position_top et_pb_module et_block_module\"><div class=\"et_pb_blurb_content\"><div class=\"et_pb_blurb_container\"><h2 class=\"et_pb_module_header\">Unser Ansatz<\/h2><div class=\"et_pb_blurb_description\"><p>Wir wissen, dass die Vorbereitung eines Firmenevents zeitaufw\u00e4ndig ist und viel Koordination und Organisation erfordert, um erfolgreich zu sein. Deshalb k\u00fcmmern wir uns bei TSISMA um alles f\u00fcr Sie!<\/p>\n<p>Vom ersten Kontakt mit unserem Team bis zum Abschluss der Verfahren sind wir f\u00fcr Sie da, damit Sie sich sicher und geborgen f\u00fchlen.<\/p>\n<p>Wir umrahmen Ihr Firmenevent musikalisch mit der richtigen Auswahl an Songs f\u00fcr den Anlass und die Atmosph\u00e4re der Veranstaltung.<\/p>\n<p>Wir verf\u00fcgen \u00fcber die n\u00f6tige Erfahrung und Organisation in allen Fragen, die mit Unternehmensveranstaltungen zusammenh\u00e4ngen, und k\u00f6nnen daher Situationen vorhersehen, die Sie vielleicht nicht erwartet haben und die Sie in eine unangenehme Lage bringen k\u00f6nnten.<\/p>\n<p>Je nach Art und Thema der Veranstaltung sorgen wir f\u00fcr die musikalische und audiovisuelle Umrahmung, damit Ihnen am Ende alle gratulieren und Sie f\u00fcr Ihre Arbeit belohnen!<\/p>\n<\/div><\/div><\/div><\/div><\/div><div class=\"et_pb_column_3 et_pb_column et_pb_column_1_2 et-last-child et_block_column et_pb_css_mix_blend_mode_passthrough\"><\/div><\/div><\/div><div class=\"et_pb_section_2 et_pb_section et_section_regular et_block_section\"><div class=\"et_pb_row_2 et_pb_row et_block_row\"><div class=\"et_pb_column_4 et_pb_column et_pb_column_4_4 et-last-child et_block_column et_pb_css_mix_blend_mode_passthrough\"><div class=\"et_pb_text_1 et_pb_text et_pb_bg_layout_light et_pb_module et_block_module et_pb_text_align_center\"><div class=\"et_pb_text_inner\"><p><span style=\"font-weight: 400;\">Unser Team hat sich auf die Konzeption, Planung und Durchf\u00fchrung von Firmenveranstaltungen spezialisiert und deckt je nach Bedarf eine Reihe von Veranstaltungen f\u00fcr jede Art von Unternehmen ab. Einige der wichtigsten Unternehmensveranstaltungen, \u00fcber die wir berichten, sind:<\/span><\/p>\n<\/div><\/div><\/div><\/div><div class=\"et_pb_row_3 et_pb_row et_pb_row_4col et_pb_gutters2 et_block_row et_block_row_4col\"><div class=\"et_pb_column_5 et_pb_column et_pb_column_1_4 et_block_column et_pb_css_mix_blend_mode_passthrough\"><\/div><div class=\"et_pb_column_6 et_pb_column et_pb_column_1_4 et_block_column et_pb_css_mix_blend_mode_passthrough\"><\/div><div class=\"et_pb_column_7 et_pb_column et_pb_column_1_4 et_block_column et_pb_css_mix_blend_mode_passthrough\"><\/div><div class=\"et_pb_column_8 et_pb_column et_pb_column_1_4 et-last-child et_block_column et_pb_css_mix_blend_mode_passthrough\"><\/div><\/div><div class=\"et_pb_row_4 et_pb_row et_pb_row_4col et_pb_gutters2 et_block_row et_block_row_4col\"><div class=\"et_pb_column_9 et_pb_column et_pb_column_1_4 et_block_column et_pb_css_mix_blend_mode_passthrough\"><\/div><div class=\"et_pb_column_10 et_pb_column et_pb_column_1_4 et_block_column et_pb_css_mix_blend_mode_passthrough\"><\/div><div class=\"et_pb_column_11 et_pb_column et_pb_column_1_4 et_block_column et_pb_css_mix_blend_mode_passthrough\"><\/div><div class=\"et_pb_column_12 et_pb_column et_pb_column_1_4 et-last-child et_block_column et_pb_css_mix_blend_mode_passthrough\"><\/div><\/div><\/div><div class=\"et_pb_section_3 et_pb_section et_section_regular et_block_section\"><div class=\"et_pb_row_5 et_pb_row et_block_row\"><div class=\"et_pb_column_13 et_pb_column et_pb_column_4_4 et-last-child et_block_column et_pb_css_mix_blend_mode_passthrough\"><div class=\"et_pb_text_2 et_pb_text et_pb_bg_layout_light et_pb_module et_block_module\"><div class=\"et_pb_text_inner\"><p>Professionalit\u00e4t ist etwas, wof\u00fcr wir uns im Bereich der Firmenveranstaltungen auszeichnen. Wir schaffen eine ganz individuelle Atmosph\u00e4re f\u00fcr Ihre G\u00e4ste und k\u00fcmmern uns um jedes Detail, damit sie ein unvergessliches Erlebnis haben. Wir verstehen unser Handwerk, decken alle Ihre musikalischen und audiovisuellen W\u00fcnsche ab und machen in Absprache mit Ihnen alles wahr, was Sie sich f\u00fcr diesen Tag vorgestellt haben.<\/p>\n<\/div><\/div><\/div><\/div><div class=\"et_pb_row_6 et_pb_row et_block_row\"><div class=\"et_pb_column_14 et_pb_column et_pb_column_4_4 et-last-child et_block_column et_pb_css_mix_blend_mode_passthrough\"><\/div><\/div><\/div><div class=\"et_pb_section_4 et_pb_section et_section_regular et_block_section section_has_divider et_pb_top_divider\"><div class=\"et_pb_top_inside_divider et-no-transition\"><\/div><div class=\"et_pb_row_7 et_pb_row et_block_row\"><div class=\"et_pb_column_15 et_pb_column et_pb_column_4_4 et-last-child et_block_column et_pb_css_mix_blend_mode_passthrough\"><\/div><\/div><div class=\"et_pb_row_8 et_pb_row et_pb_equal_columns et_pb_gutters1 et_block_row\"><div class=\"et_pb_column_16 et_pb_column et_pb_column_1_3 et_block_column et_pb_css_mix_blend_mode_passthrough\"><div class=\"et_pb_blurb_1 et_pb_blurb et_pb_bg_layout_dark et_pb_blurb_position_left et_pb_module et_block_module\"><div class=\"et_pb_blurb_content\"><div class=\"et_pb_main_blurb_image\"><span class=\"et_pb_image_wrap\"><span class=\"et-pb-icon et_animated et_animated\">\ue076<\/span><\/span><\/div><div class=\"et_pb_blurb_container\"><h4 class=\"et_pb_module_header\">hello@tsisma.com<\/h4><\/div><\/div><\/div><div class=\"et_pb_blurb_2 et_pb_blurb et_pb_bg_layout_dark et_pb_blurb_position_left et_pb_module et_block_module\"><div class=\"et_pb_blurb_content\"><div class=\"et_pb_main_blurb_image\"><span class=\"et_pb_image_wrap\"><span class=\"et-pb-icon et_animated et_animated\">\ue090<\/span><\/span><\/div><div class=\"et_pb_blurb_container\"><h4 class=\"et_pb_module_header\">+306973054655<\/h4><\/div><\/div><\/div><div class=\"et_pb_blurb_3 et_pb_blurb et_pb_bg_layout_dark et_pb_blurb_position_left et_pb_module et_block_module\"><div class=\"et_pb_blurb_content\"><div class=\"et_pb_main_blurb_image\"><span class=\"et_pb_image_wrap\"><span class=\"et-pb-icon et_animated et_animated\">\ue081<\/span><\/span><\/div><div class=\"et_pb_blurb_container\"><h4 class=\"et_pb_module_header\">Standorte<\/h4><div class=\"et_pb_blurb_description\"><p>Thessaloniki<br \/>\nAthen<br \/>\nMykonos<\/p>\n<\/div><\/div><\/div><\/div><ul class=\"et_pb_social_media_follow_0 et_pb_social_media_follow clearfix et_pb_bg_layout_light et_pb_text_align_center et_pb_module et_block_module\"><li class=\"et_pb_social_media_follow_network_0 et_pb_social_media_follow_network et_pb_social_icon et_pb_social_network_link et-social-facebook et_pb_module et_flex_module\"><a href=\"https:\/\/www.facebook.com\/tsismaevents\/\" class=\"icon\" target=\"_self\" title=\"Auf Facebook folgen\" rel=\"noopener\"><span class=\"et_pb_social_media_follow_network_name\">Folgen<\/span><\/a><\/li><li class=\"et_pb_social_media_follow_network_1 et_pb_social_media_follow_network et_pb_social_icon et_pb_social_network_link et-social-twitter et_pb_module et_flex_module\"><a href=\"https:\/\/twitter.com\/tsisma_events\" class=\"icon\" target=\"_self\" title=\"Auf Twitter folgen\" rel=\"noopener\"><span class=\"et_pb_social_media_follow_network_name\">Folgen<\/span><\/a><\/li><li class=\"et_pb_social_media_follow_network_2 et_pb_social_media_follow_network et_pb_social_icon et_pb_social_network_link et-social-instagram et_pb_module et_flex_module\"><a href=\"https:\/\/www.instagram.com\/tsisma_events\/\" class=\"icon\" target=\"_self\" title=\"Auf Instagram folgen\" rel=\"noopener\"><span class=\"et_pb_social_media_follow_network_name\">Folgen<\/span><\/a><\/li><li class=\"et_pb_social_media_follow_network_3 et_pb_social_media_follow_network et_pb_social_icon et_pb_social_network_link et-social-linkedin et_pb_module et_flex_module\"><a href=\"#\" class=\"icon\" target=\"_self\" title=\"Auf Linkedin folgen\" rel=\"noopener\"><span class=\"et_pb_social_media_follow_network_name\">Folgen<\/span><\/a><\/li><li class=\"et_pb_social_media_follow_network_4 et_pb_social_media_follow_network et_pb_social_icon et_pb_social_network_link et-social-youtube et_pb_module et_flex_module\"><a href=\"https:\/\/www.youtube.com\/channel\/UClHUbuXK9CnABkT9XfY0UUw\" class=\"icon\" target=\"_self\" title=\"Auf Youtube folgen\" rel=\"noopener\"><span class=\"et_pb_social_media_follow_network_name\">Folgen<\/span><\/a><\/li><li class=\"et_pb_social_media_follow_network_5 et_pb_social_media_follow_network et_pb_social_icon et_pb_social_network_link et-pb-social-fa-icon et-social-tiktok et_pb_module et_flex_module\"><a href=\"#\" class=\"icon\" target=\"_self\" title=\"Auf Tiktok folgen\" rel=\"noopener\"><span class=\"et_pb_social_media_follow_network_name\">Folgen<\/span><\/a><\/li><li class=\"et_pb_social_media_follow_network_6 et_pb_social_media_follow_network et_pb_social_icon et_pb_social_network_link et-pb-social-fa-icon et-social-spotify et_pb_module et_flex_module\"><a href=\"#\" class=\"icon\" target=\"_self\" title=\"Auf Spotify folgen\" rel=\"noopener\"><span class=\"et_pb_social_media_follow_network_name\">Folgen<\/span><\/a><\/li><li class=\"et_pb_social_media_follow_network_7 et_pb_social_media_follow_network et_pb_social_icon et_pb_social_network_link et-social-pinterest et_pb_module et_flex_module\"><a href=\"https:\/\/pin.it\/53s7Z49\" class=\"icon\" target=\"_self\" title=\"Auf Pinterest folgen\" rel=\"noopener\"><span class=\"et_pb_social_media_follow_network_name\">Folgen<\/span><\/a><\/li><li class=\"et_pb_social_media_follow_network_8 et_pb_social_media_follow_network et_pb_social_icon et_pb_social_network_link et-pb-social-fa-icon et-social-whatsapp et_pb_module et_flex_module\"><a href=\"http:\/\/+306973054655\" class=\"icon\" target=\"_self\" title=\"Auf Whatsapp folgen\" rel=\"noopener\"><span class=\"et_pb_social_media_follow_network_name\">Folgen<\/span><\/a><\/li><\/ul><\/div><div class=\"et_pb_column_17 et_pb_column et_pb_column_2_3 et-last-child et_block_column et_pb_css_mix_blend_mode_passthrough\"><div class=\"et_pb_contact_form_0 et_pb_contact_form_container clearfix et_pb_recaptcha_enabled et_animated et_pb_module et_flex_module\" data-form_unique_num=\"0\" data-form_unique_id=\"72963492-779d-4b38-b92f-5eda9b88ffa7\" id=\"et_pb_contact_form_0\"><div class=\"et-pb-contact-message\"><\/div><div class=\"et_pb_contact\"><form class=\"et_pb_contact_form et_flex_module\" method=\"post\" action=\"https:\/\/staging.tsisma.com\/de\/wp-json\/wp\/v2\/pages\/245338\"><div class=\"et_pb_contact_field_0 et_pb_contact_field et_pb_module et_flex_module et_flex_column_24_24 et_flex_column_24_24_tablet et_flex_column_24_24_phone\" data-id=\"name\" data-type=\"input\"><label class=\"et_pb_contact_form_label\" for=\"et_pb_contact_0_name_0\">Vollst\u00e4ndiger Name<\/label><input type=\"text\" name=\"et_pb_contact_0_name_0\" id=\"et_pb_contact_0_name_0\" class=\"input\" data-required_mark=\"required\" data-field_type=\"input\" data-original_id=\"name\" placeholder=\"Vollst\u00e4ndiger Name\" title=\"\" value=\"\" \/><\/div><div class=\"et_pb_contact_field_1 et_pb_contact_field et_pb_module et_flex_module et_flex_column_24_24 et_flex_column_24_24_tablet et_flex_column_24_24_phone\" data-id=\"email\" data-type=\"email\"><label class=\"et_pb_contact_form_label\" for=\"et_pb_contact_0_email_1\">E-Mail Adresse<\/label><input type=\"text\" name=\"et_pb_contact_0_email_1\" id=\"et_pb_contact_0_email_1\" class=\"input\" data-required_mark=\"required\" data-field_type=\"email\" data-original_id=\"email\" placeholder=\"E-Mail Adresse\" title=\"\" value=\"\" \/><\/div><div class=\"et_pb_contact_field_2 et_pb_contact_field et_pb_module et_flex_module et_flex_column_24_24 et_flex_column_24_24_tablet et_flex_column_24_24_phone\" data-id=\"tel\" data-type=\"input\"><label class=\"et_pb_contact_form_label\" for=\"et_pb_contact_0_tel_2\">Telefonischer Kontakt<\/label><input type=\"text\" name=\"et_pb_contact_0_tel_2\" id=\"et_pb_contact_0_tel_2\" class=\"input\" data-required_mark=\"required\" data-field_type=\"input\" data-original_id=\"tel\" placeholder=\"Telefonischer Kontakt\" title=\"\" value=\"\" \/><\/div><div class=\"et_pb_contact_field_3 et_pb_contact_field et_pb_module et_flex_module et_flex_column_24_24 et_flex_column_24_24_tablet et_flex_column_24_24_phone\" data-id=\"type_of_event\" data-type=\"select\"><label class=\"et_pb_contact_form_label\" for=\"et_pb_contact_0_type_of_event_3\">Art der Veranstaltung<\/label><select name=\"et_pb_contact_0_type_of_event_3\" id=\"et_pb_contact_0_type_of_event_3\" class=\"et_pb_contact_select input\" data-required_mark=\"required\" data-field_type=\"select\" data-original_id=\"type_of_event\"><option value=\"\">Art der Veranstaltung<\/option><option value=\"Firmenveranstaltung\" data-id=\"\">Firmenveranstaltung<\/option><option value=\"Hochzeit\" data-id=\"\">Hochzeit<\/option><option value=\"Eine weitere private Veranstaltung\" data-id=\"\">Eine weitere private Veranstaltung<\/option><\/select><\/div><div class=\"et_pb_contact_field_4 et_pb_contact_field et_pb_module et_flex_module et_flex_column_24_24 et_flex_column_24_24_tablet et_flex_column_24_24_phone\" data-id=\"message\" data-type=\"text\"><label class=\"et_pb_contact_form_label\" for=\"et_pb_contact_0_message_4\">Ihre Nachricht<\/label><textarea name=\"et_pb_contact_0_message_4\" id=\"et_pb_contact_0_message_4\" class=\"et_pb_contact_message input\" data-required_mark=\"required\" data-field_type=\"text\" data-original_id=\"message\" placeholder=\"Ihre Nachricht\"><\/textarea><\/div><input type=\"hidden\" name=\"et_pb_contactform_submit_72963492-779d-4b38-b92f-5eda9b88ffa7\" value=\"et_contact_proccess\" \/><div class=\"et_contact_bottom_container\"><div class=\"et_pb_button_wrapper\"><button type=\"submit\" name=\"et_builder_submit_button\" class=\"et_pb_button et_pb_contact_submit\" data-icon=\"E\">Senden an<\/button><\/div><\/div><input type=\"hidden\" id=\"_wpnonce-et-pb-contact-form-submitted-72963492-779d-4b38-b92f-5eda9b88ffa7\" name=\"_wpnonce-et-pb-contact-form-submitted-72963492-779d-4b38-b92f-5eda9b88ffa7\" value=\"d64b3424f7\" \/><input type=\"hidden\" name=\"_wp_http_referer\" value=\"\/de\/wp-json\/wp\/v2\/pages\/245338\" \/><\/form><\/div><\/div><\/div><\/div><\/div>","protected":false},"excerpt":{"rendered":"","protected":false},"author":1,"featured_media":0,"parent":0,"menu_order":0,"comment_status":"closed","ping_status":"closed","template":"","meta":{"footnotes":""},"class_list":["post-245338","page","type-page","status-publish","hentry"],"_links":{"self":[{"href":"https:\/\/staging.tsisma.com\/de\/wp-json\/wp\/v2\/pages\/245338","targetHints":{"allow":["GET"]}}],"collection":[{"href":"https:\/\/staging.tsisma.com\/de\/wp-json\/wp\/v2\/pages"}],"about":[{"href":"https:\/\/staging.tsisma.com\/de\/wp-json\/wp\/v2\/types\/page"}],"author":[{"embeddable":true,"href":"https:\/\/staging.tsisma.com\/de\/wp-json\/wp\/v2\/users\/1"}],"replies":[{"embeddable":true,"href":"https:\/\/staging.tsisma.com\/de\/wp-json\/wp\/v2\/comments?post=245338"}],"version-history":[{"count":1,"href":"https:\/\/staging.tsisma.com\/de\/wp-json\/wp\/v2\/pages\/245338\/revisions"}],"predecessor-version":[{"id":246247,"href":"https:\/\/staging.tsisma.com\/de\/wp-json\/wp\/v2\/pages\/245338\/revisions\/246247"}],"wp:attachment":[{"href":"https:\/\/staging.tsisma.com\/de\/wp-json\/wp\/v2\/media?parent=245338"}],"curies":[{"name":"wp","href":"https:\/\/api.w.org\/{rel}","templated":true}]}}