{"id":245331,"date":"2023-07-10T23:17:25","date_gmt":"2023-07-10T20:17:25","guid":{"rendered":"https:\/\/tsisma.com\/hochzeit\/"},"modified":"2026-04-22T11:35:08","modified_gmt":"2026-04-22T08:35:08","slug":"hochzeit","status":"publish","type":"page","link":"https:\/\/staging.tsisma.com\/de\/hochzeit\/","title":{"rendered":"Hochzeit"},"content":{"rendered":"<div class=\"et_pb_section_0 et_pb_section et_section_regular et_block_section\"><div class=\"et_pb_row_0 et_pb_row et_block_row\"><div class=\"et_pb_column_0 et_pb_column et_pb_column_4_4 et-last-child et_block_column et_pb_css_mix_blend_mode_passthrough\"><\/div><\/div><\/div><div class=\"et_pb_section_1 et_pb_section et_section_regular et_block_section\"><div class=\"et_pb_row_1 et_pb_row et_block_row\"><div class=\"et_pb_column_1 et_pb_column et_pb_column_4_4 et-last-child et_block_column et_pb_css_mix_blend_mode_passthrough\"><div class=\"et_pb_text_0 et_pb_text et_pb_bg_layout_light et_pb_module et_block_module\"><div class=\"et_pb_text_inner\"><h2>Deine Geschichte<\/h2>\n<\/div><\/div><div class=\"et_pb_blurb_0 et_pb_blurb et_pb_bg_layout_light et_pb_blurb_position_top et_pb_module et_block_module\"><div class=\"et_pb_blurb_content\"><div class=\"et_pb_blurb_container\"><div class=\"et_pb_blurb_description\"><p>Ihr Hochzeitstag ist ein besonderes Ereignis und wir von Tsisma Iconic Events wissen das besser als jeder andere. Mit jahrelanger Erfahrung in der Organisation von Hochzeiten, haben wir als unsere erste Sorge, sowohl Ihre eigene Unterhaltung und die Ihrer G\u00e4ste. Mit Leidenschaft, grenzenloser Energie und Freude an dem, was wir tun, schaffen wir dank unserer erfahrenen Hochzeits-DJs die Atmosph\u00e4re, die Sie sich w\u00fcnschen!<\/p>\n<\/div><\/div><\/div><\/div><\/div><\/div><div class=\"et_pb_row_2 et_pb_row et_pb_gutters2 et_block_row\"><div class=\"et_pb_column_2 et_pb_column et_pb_column_1_3 et_block_column et_pb_css_mix_blend_mode_passthrough\"><div class=\"et_pb_blurb_1 et_pb_blurb et_pb_bg_layout_light et_pb_blurb_position_top et_pb_module et_block_module\"><div class=\"et_pb_blurb_content\"><div class=\"et_pb_blurb_container\"><h2 class=\"et_pb_module_header\">Unser Ansatz<\/h2><div class=\"et_pb_blurb_description\"><p>&nbsp;<\/p>\n<p>Das Vertrauen, das uns jedes Paar entgegenbringt, wenn es darum geht, f\u00fcr die Unterhaltung auf seiner Hochzeit zu sorgen, ist eine gro\u00dfe Freude und Verantwortung.<\/p>\n<p>Da jede Hochzeit einzigartig ist, h\u00f6ren wir uns Ihre Vorlieben genau an und empfehlen Ihnen den idealen DJ f\u00fcr die von Ihnen gew\u00fcnschte Hochzeit. Wir lassen uns etwas einfallen und planen die Abendunterhaltung bis ins kleinste Detail.<\/p>\n<p>Die musikalische Ausbildung und das Wissen der DJs in unserem Team deckt jede Art von Repertoire und Vorliebe ab. Wir wissen, wie man den Spa\u00df am Leben erh\u00e4lt und den Rhythmus und die Lebendigkeit hoch h\u00e4lt.<\/p>\n<p>Egal, ob Sie eine Disconacht oder eine Nacht voller griechischer Melodien veranstalten m\u00f6chten, wir passen uns Ihren W\u00fcnschen an und erstellen die Playlist Ihrer Tr\u00e4ume.<\/p>\n<\/div><\/div><\/div><\/div><\/div><div class=\"et_pb_column_3 et_pb_column et_pb_column_1_3 et_block_column et_pb_css_mix_blend_mode_passthrough\"><\/div><div class=\"et_pb_column_4 et_pb_column et_pb_column_1_3 et-last-child et_block_column et_pb_css_mix_blend_mode_passthrough\"><div class=\"et_pb_blurb_2 et_pb_blurb et_pb_bg_layout_light et_pb_blurb_position_top et_pb_module et_block_module\"><div class=\"et_pb_blurb_content\"><div class=\"et_pb_blurb_container\"><h2 class=\"et_pb_module_header\">Sie haben sich noch nicht entschieden, wie Sie Ihre Hochzeit gestalten m\u00f6chten? Kein Problem!<\/h2><div class=\"et_pb_blurb_description\"><h2><\/h2>\n<p>Sie tr\u00e4umen von Ihrer Hochzeit, wissen aber nicht genau, was Sie wollen? Wir k\u00f6nnen Ihnen helfen! Ein Teil unserer Aufgabe ist es, Sie zu beraten und die Musik f\u00fcr all die besonderen Momente, die einen unvergesslichen Tag ausmachen, zu gestalten.<\/p>\n<p>Von der Auswahl der Hochzeitslieder bis hin zu den Effekten, die den Abend versch\u00f6nern werden, sind wir bei jedem Schritt dabei.<\/p>\n<\/div><\/div><\/div><\/div><\/div><\/div><\/div><div class=\"et_pb_section_2 et_pb_section et_section_regular et_block_section\"><div class=\"et_pb_row_3 et_pb_row et_block_row\"><div class=\"et_pb_column_5 et_pb_column et_pb_column_4_4 et-last-child et_block_column et_pb_css_mix_blend_mode_passthrough\"><div class=\"et_pb_text_1 et_pb_text et_pb_bg_layout_light et_pb_module et_block_module\"><div class=\"et_pb_text_inner\"><p>Tsisma Iconic Events ist auf die Planung von Hochzeiten und personalisierte Dienstleistungen spezialisiert.<\/p>\n<p>Wir k\u00fcmmern uns um alles, was Sie an diesem Abend brauchen, um Ihnen den Stress der Veranstaltung zu ersparen.<br \/>Wenn Sie sich f\u00fcr uns entscheiden, wissen Sie, dass Sie nur Ihre Tanzschritte einstudieren m\u00fcssen, Ihr sch\u00f6nstes L\u00e4cheln aufsetzen und einen einzigartigen Abend erleben, an den Sie sich noch lange erinnern werden.<\/p>\n<\/div><\/div><\/div><\/div><div class=\"et_pb_row_4 et_pb_row et_pb_gutters2 et_block_row\"><div class=\"et_pb_column_6 et_pb_column et_pb_column_1_2 et_block_column et_pb_css_mix_blend_mode_passthrough\"><\/div><div class=\"et_pb_column_7 et_pb_column et_pb_column_1_2 et-last-child et_block_column et_pb_css_mix_blend_mode_passthrough\"><\/div><\/div><\/div><div class=\"et_pb_section_3 et_pb_section et_section_regular et_block_section\"><div class=\"et_pb_row_5 et_pb_row et_pb_gutters1 et_block_row\"><div class=\"et_pb_column_8 et_pb_column et_pb_column_4_4 et-last-child et_block_column et_pb_css_mix_blend_mode_passthrough\">[dsm_content_timeline_child dsm_use_icon_image=\"off\" dsm_title=\"Spa\u00df ohne Stress\" dsm_content=\"<p>Bei Ihrer Hochzeitsfeier k\u00f6nnen Sie sich sicher sein, dass Ihr Hochzeits-DJ immer f\u00fcr Sie da sein wird und es versteht, die Stimmung am Laufen zu halten. So k\u00f6nnen Sie sich auf das konzentrieren, was an diesem Tag wirklich wichtig ist!<\/p>\" dsm_use_pointer_element=\"on\" dsm_point_font_icon=\"&#xf79f;||fa||900\" _builder_version=\"4.20.4\" _module_preset=\"default\" global_colors_info=\"{}\" parent_header_level=\"h4\"][\/dsm_content_timeline_child][dsm_content_timeline_child dsm_use_icon_image=\"off\" dsm_title=\"Eine auf Ihre Bed\u00fcrfnisse zugeschnittene Veranstaltung\" dsm_content=\"<p>Die Hochzeiten, die wir organisieren, sind nie gleich. F\u00fcr uns sind Sie einzigartig! Und Ihre G\u00e4ste sind es auch! Der DJ, erkennt Ihre Bed\u00fcrfnisse von der ersten Begegnung mit ihm und bereitet die ideale Atmosph\u00e4re, die Sie w\u00fcnschen.<\/p>\" dsm_use_pointer_element=\"on\" dsm_point_font_icon=\"&#xf0c4;||fa||900\" _builder_version=\"4.20.4\" _module_preset=\"default\" global_colors_info=\"{}\" parent_header_level=\"h4\"][\/dsm_content_timeline_child][dsm_content_timeline_child dsm_use_icon_image=\"off\" dsm_title=\"Musikauswahl f\u00fcr endloses Tanzen\" dsm_content=\"<p>Wir sind die Besten, wenn es darum geht, die W\u00fcnsche Ihrer G\u00e4ste zu %22lesen%22 und alles zu tun, um sie auf der Tanzfl\u00e4che zu halten. Ihr Hochzeits-DJ wird daf\u00fcr sorgen, dass der Saal mit Liedern gef\u00fcllt wird, die jeder h\u00f6ren und zu denen jeder tanzen m\u00f6chte!<\/p>\" dsm_use_pointer_element=\"on\" dsm_point_font_icon=\"&#xf0c4;||fa||900\" _builder_version=\"4.20.4\" _module_preset=\"default\" global_colors_info=\"{}\" parent_header_level=\"h4\"][\/dsm_content_timeline_child]<\/div><\/div><\/div><div class=\"et_pb_section_4 et_pb_section et_section_regular et_block_section section_has_divider et_pb_top_divider\"><div class=\"et_pb_top_inside_divider et-no-transition\"><\/div><div class=\"et_pb_row_6 et_pb_row et_block_row\"><div class=\"et_pb_column_9 et_pb_column et_pb_column_4_4 et-last-child et_block_column et_pb_css_mix_blend_mode_passthrough\"><\/div><\/div><div class=\"et_pb_row_7 et_pb_row et_pb_equal_columns et_pb_gutters1 et_block_row\"><div class=\"et_pb_column_10 et_pb_column et_pb_column_1_3 et_block_column et_pb_css_mix_blend_mode_passthrough\"><div class=\"et_pb_blurb_3 et_pb_blurb et_pb_bg_layout_dark et_pb_blurb_position_left et_pb_module et_block_module\"><div class=\"et_pb_blurb_content\"><div class=\"et_pb_main_blurb_image\"><span class=\"et_pb_image_wrap\"><span class=\"et-pb-icon et_animated et_animated\">\ue076<\/span><\/span><\/div><div class=\"et_pb_blurb_container\"><h4 class=\"et_pb_module_header\">hello@tsisma.com<\/h4><\/div><\/div><\/div><div class=\"et_pb_blurb_4 et_pb_blurb et_pb_bg_layout_dark et_pb_blurb_position_left et_pb_module et_block_module\"><div class=\"et_pb_blurb_content\"><div class=\"et_pb_main_blurb_image\"><span class=\"et_pb_image_wrap\"><span class=\"et-pb-icon et_animated et_animated\">\ue090<\/span><\/span><\/div><div class=\"et_pb_blurb_container\"><h4 class=\"et_pb_module_header\">+306973054655<\/h4><\/div><\/div><\/div><div class=\"et_pb_blurb_5 et_pb_blurb et_pb_bg_layout_dark et_pb_blurb_position_left et_pb_module et_block_module\"><div class=\"et_pb_blurb_content\"><div class=\"et_pb_main_blurb_image\"><span class=\"et_pb_image_wrap\"><span class=\"et-pb-icon et_animated et_animated\">\ue081<\/span><\/span><\/div><div class=\"et_pb_blurb_container\"><h4 class=\"et_pb_module_header\">Standorte<\/h4><div class=\"et_pb_blurb_description\"><p>Thessaloniki<br \/>\nAthen<br \/>\nMykonos<\/p>\n<\/div><\/div><\/div><\/div><ul class=\"et_pb_social_media_follow_0 et_pb_social_media_follow clearfix et_pb_bg_layout_light et_pb_text_align_center et_pb_module et_block_module\"><li class=\"et_pb_social_media_follow_network_0 et_pb_social_media_follow_network et_pb_social_icon et_pb_social_network_link et-social-facebook et_pb_module et_flex_module\"><a href=\"https:\/\/www.facebook.com\/tsismaevents\/\" class=\"icon\" target=\"_self\" title=\"Auf Facebook folgen\" rel=\"noopener\"><span class=\"et_pb_social_media_follow_network_name\">Folgen<\/span><\/a><\/li><li class=\"et_pb_social_media_follow_network_1 et_pb_social_media_follow_network et_pb_social_icon et_pb_social_network_link et-social-twitter et_pb_module et_flex_module\"><a href=\"https:\/\/twitter.com\/tsisma_events\" class=\"icon\" target=\"_self\" title=\"Auf Twitter folgen\" rel=\"noopener\"><span class=\"et_pb_social_media_follow_network_name\">Folgen<\/span><\/a><\/li><li class=\"et_pb_social_media_follow_network_2 et_pb_social_media_follow_network et_pb_social_icon et_pb_social_network_link et-social-instagram et_pb_module et_flex_module\"><a href=\"https:\/\/www.instagram.com\/tsisma_events\/\" class=\"icon\" target=\"_self\" title=\"Auf Instagram folgen\" rel=\"noopener\"><span class=\"et_pb_social_media_follow_network_name\">Folgen<\/span><\/a><\/li><li class=\"et_pb_social_media_follow_network_3 et_pb_social_media_follow_network et_pb_social_icon et_pb_social_network_link et-social-linkedin et_pb_module et_flex_module\"><a href=\"#\" class=\"icon\" target=\"_self\" title=\"Auf Linkedin folgen\" rel=\"noopener\"><span class=\"et_pb_social_media_follow_network_name\">Folgen<\/span><\/a><\/li><li class=\"et_pb_social_media_follow_network_4 et_pb_social_media_follow_network et_pb_social_icon et_pb_social_network_link et-social-youtube et_pb_module et_flex_module\"><a href=\"https:\/\/www.youtube.com\/channel\/UClHUbuXK9CnABkT9XfY0UUw\" class=\"icon\" target=\"_self\" title=\"Auf Youtube folgen\" rel=\"noopener\"><span class=\"et_pb_social_media_follow_network_name\">Folgen<\/span><\/a><\/li><li class=\"et_pb_social_media_follow_network_5 et_pb_social_media_follow_network et_pb_social_icon et_pb_social_network_link et-pb-social-fa-icon et-social-tiktok et_pb_module et_flex_module\"><a href=\"#\" class=\"icon\" target=\"_self\" title=\"Auf Tiktok folgen\" rel=\"noopener\"><span class=\"et_pb_social_media_follow_network_name\">Folgen<\/span><\/a><\/li><li class=\"et_pb_social_media_follow_network_6 et_pb_social_media_follow_network et_pb_social_icon et_pb_social_network_link et-pb-social-fa-icon et-social-spotify et_pb_module et_flex_module\"><a href=\"#\" class=\"icon\" target=\"_self\" title=\"Auf Spotify folgen\" rel=\"noopener\"><span class=\"et_pb_social_media_follow_network_name\">Folgen<\/span><\/a><\/li><li class=\"et_pb_social_media_follow_network_7 et_pb_social_media_follow_network et_pb_social_icon et_pb_social_network_link et-social-pinterest et_pb_module et_flex_module\"><a href=\"https:\/\/pin.it\/53s7Z49\" class=\"icon\" target=\"_self\" title=\"Auf Pinterest folgen\" rel=\"noopener\"><span class=\"et_pb_social_media_follow_network_name\">Folgen<\/span><\/a><\/li><li class=\"et_pb_social_media_follow_network_8 et_pb_social_media_follow_network et_pb_social_icon et_pb_social_network_link et-pb-social-fa-icon et-social-whatsapp et_pb_module et_flex_module\"><a href=\"http:\/\/+306973054655\" class=\"icon\" target=\"_self\" title=\"Auf Whatsapp folgen\" rel=\"noopener\"><span class=\"et_pb_social_media_follow_network_name\">Folgen<\/span><\/a><\/li><\/ul><\/div><div class=\"et_pb_column_11 et_pb_column et_pb_column_2_3 et-last-child et_block_column et_pb_css_mix_blend_mode_passthrough\"><div class=\"et_pb_contact_form_0 et_pb_contact_form_container clearfix et_pb_recaptcha_enabled et_animated et_pb_module et_flex_module\" data-form_unique_num=\"0\" data-form_unique_id=\"72963492-779d-4b38-b92f-5eda9b88ffa7\" id=\"et_pb_contact_form_0\"><div class=\"et-pb-contact-message\"><\/div><div class=\"et_pb_contact\"><form class=\"et_pb_contact_form et_flex_module\" method=\"post\" action=\"https:\/\/staging.tsisma.com\/de\/wp-json\/wp\/v2\/pages\/245331\"><div class=\"et_pb_contact_field_0 et_pb_contact_field et_pb_module et_flex_module et_flex_column_24_24 et_flex_column_24_24_tablet et_flex_column_24_24_phone\" data-id=\"name\" data-type=\"input\"><label class=\"et_pb_contact_form_label\" for=\"et_pb_contact_0_name_0\">Vollst\u00e4ndiger Name<\/label><input type=\"text\" name=\"et_pb_contact_0_name_0\" id=\"et_pb_contact_0_name_0\" class=\"input\" data-required_mark=\"required\" data-field_type=\"input\" data-original_id=\"name\" placeholder=\"Vollst\u00e4ndiger Name\" title=\"\" value=\"\" \/><\/div><div class=\"et_pb_contact_field_1 et_pb_contact_field et_pb_module et_flex_module et_flex_column_24_24 et_flex_column_24_24_tablet et_flex_column_24_24_phone\" data-id=\"email\" data-type=\"email\"><label class=\"et_pb_contact_form_label\" for=\"et_pb_contact_0_email_1\">E-Mail Adresse<\/label><input type=\"text\" name=\"et_pb_contact_0_email_1\" id=\"et_pb_contact_0_email_1\" class=\"input\" data-required_mark=\"required\" data-field_type=\"email\" data-original_id=\"email\" placeholder=\"E-Mail Adresse\" title=\"\" value=\"\" \/><\/div><div class=\"et_pb_contact_field_2 et_pb_contact_field et_pb_module et_flex_module et_flex_column_24_24 et_flex_column_24_24_tablet et_flex_column_24_24_phone\" data-id=\"tel\" data-type=\"input\"><label class=\"et_pb_contact_form_label\" for=\"et_pb_contact_0_tel_2\">Telefonischer Kontakt<\/label><input type=\"text\" name=\"et_pb_contact_0_tel_2\" id=\"et_pb_contact_0_tel_2\" class=\"input\" data-required_mark=\"required\" data-field_type=\"input\" data-original_id=\"tel\" placeholder=\"Telefonischer Kontakt\" title=\"\" value=\"\" \/><\/div><div class=\"et_pb_contact_field_3 et_pb_contact_field et_pb_module et_flex_module et_flex_column_24_24 et_flex_column_24_24_tablet et_flex_column_24_24_phone\" data-id=\"type_of_event\" data-type=\"select\"><label class=\"et_pb_contact_form_label\" for=\"et_pb_contact_0_type_of_event_3\">Art der Veranstaltung<\/label><select name=\"et_pb_contact_0_type_of_event_3\" id=\"et_pb_contact_0_type_of_event_3\" class=\"et_pb_contact_select input\" data-required_mark=\"required\" data-field_type=\"select\" data-original_id=\"type_of_event\"><option value=\"\">Art der Veranstaltung<\/option><option value=\"Firmenveranstaltung\" data-id=\"\">Firmenveranstaltung<\/option><option value=\"Hochzeit\" data-id=\"\">Hochzeit<\/option><option value=\"Eine weitere private Veranstaltung\" data-id=\"\">Eine weitere private Veranstaltung<\/option><\/select><\/div><div class=\"et_pb_contact_field_4 et_pb_contact_field et_pb_module et_flex_module et_flex_column_24_24 et_flex_column_24_24_tablet et_flex_column_24_24_phone\" data-id=\"message\" data-type=\"text\"><label class=\"et_pb_contact_form_label\" for=\"et_pb_contact_0_message_4\">Ihre Nachricht<\/label><textarea name=\"et_pb_contact_0_message_4\" id=\"et_pb_contact_0_message_4\" class=\"et_pb_contact_message input\" data-required_mark=\"required\" data-field_type=\"text\" data-original_id=\"message\" placeholder=\"Ihre Nachricht\"><\/textarea><\/div><input type=\"hidden\" name=\"et_pb_contactform_submit_72963492-779d-4b38-b92f-5eda9b88ffa7\" value=\"et_contact_proccess\" \/><div class=\"et_contact_bottom_container\"><div class=\"et_pb_button_wrapper\"><button type=\"submit\" name=\"et_builder_submit_button\" class=\"et_pb_button et_pb_contact_submit\" data-icon=\"E\">Senden an<\/button><\/div><\/div><input type=\"hidden\" id=\"_wpnonce-et-pb-contact-form-submitted-72963492-779d-4b38-b92f-5eda9b88ffa7\" name=\"_wpnonce-et-pb-contact-form-submitted-72963492-779d-4b38-b92f-5eda9b88ffa7\" value=\"d64b3424f7\" \/><input type=\"hidden\" name=\"_wp_http_referer\" value=\"\/de\/wp-json\/wp\/v2\/pages\/245331\" \/><\/form><\/div><\/div><\/div><\/div><\/div>","protected":false},"excerpt":{"rendered":"","protected":false},"author":1,"featured_media":0,"parent":0,"menu_order":0,"comment_status":"closed","ping_status":"closed","template":"","meta":{"footnotes":""},"class_list":["post-245331","page","type-page","status-publish","hentry"],"_links":{"self":[{"href":"https:\/\/staging.tsisma.com\/de\/wp-json\/wp\/v2\/pages\/245331","targetHints":{"allow":["GET"]}}],"collection":[{"href":"https:\/\/staging.tsisma.com\/de\/wp-json\/wp\/v2\/pages"}],"about":[{"href":"https:\/\/staging.tsisma.com\/de\/wp-json\/wp\/v2\/types\/page"}],"author":[{"embeddable":true,"href":"https:\/\/staging.tsisma.com\/de\/wp-json\/wp\/v2\/users\/1"}],"replies":[{"embeddable":true,"href":"https:\/\/staging.tsisma.com\/de\/wp-json\/wp\/v2\/comments?post=245331"}],"version-history":[{"count":1,"href":"https:\/\/staging.tsisma.com\/de\/wp-json\/wp\/v2\/pages\/245331\/revisions"}],"predecessor-version":[{"id":246245,"href":"https:\/\/staging.tsisma.com\/de\/wp-json\/wp\/v2\/pages\/245331\/revisions\/246245"}],"wp:attachment":[{"href":"https:\/\/staging.tsisma.com\/de\/wp-json\/wp\/v2\/media?parent=245331"}],"curies":[{"name":"wp","href":"https:\/\/api.w.org\/{rel}","templated":true}]}}