{"id":245328,"date":"2023-07-10T23:17:13","date_gmt":"2023-07-10T20:17:13","guid":{"rendered":"https:\/\/tsisma.com\/taufe\/"},"modified":"2026-04-22T11:35:07","modified_gmt":"2026-04-22T08:35:07","slug":"taufe","status":"publish","type":"page","link":"https:\/\/staging.tsisma.com\/de\/taufe\/","title":{"rendered":"Taufe"},"content":{"rendered":"<div class=\"et_pb_section_0 et_pb_section et_section_regular et_block_section\"><div class=\"et_pb_row_0 et_pb_row et_pb_gutters2 et_block_row\"><div class=\"et_pb_column_0 et_pb_column et_pb_column_1_2 et_block_column et_pb_css_mix_blend_mode_passthrough\"><div class=\"et_pb_blurb_0 et_pb_blurb et_pb_bg_layout_light et_pb_blurb_position_top et_pb_module et_block_module\"><div class=\"et_pb_blurb_content\"><div class=\"et_pb_blurb_container\"><h2 class=\"et_pb_module_header\">Wir gestalten ein traumhaftes Fest f\u00fcr die Taufe Ihres Kindes<\/h2><div class=\"et_pb_blurb_description\"><p>Die Taufe Ihres Kindes ist ein Tag des Gl\u00fccks, an dem Ihr kleiner Engel im Mittelpunkt steht und der Anlass f\u00fcr ein gro\u00dfes Fest ist.<\/p>\n<p>Wo auch immer Sie Ihre Feier nach der Taufe veranstalten wollen, ob in einem Festsaal oder im Garten Ihres Hauses, Sie brauchen auf jeden Fall die richtige Musik, damit sie ein Erfolg wird!<\/p>\n<p>Die Tauf-DJs von Tsisma Iconic Events sind Experten, wenn es darum geht, eine Party zu gestalten, die allen G\u00e4sten Spa\u00df macht und in Erinnerung bleibt!<\/p>\n<\/div><\/div><\/div><\/div><\/div><div class=\"et_pb_column_1 et_pb_column et_pb_column_1_2 et-last-child et_block_column et_pb_css_mix_blend_mode_passthrough\"><\/div><\/div><\/div><div class=\"et_pb_section_1 et_pb_section et_section_regular et_block_section\"><div class=\"et_pb_row_1 et_pb_row et_block_row\"><div class=\"et_pb_column_2 et_pb_column et_pb_column_4_4 et-last-child et_block_column et_pb_css_mix_blend_mode_passthrough\"><div class=\"et_pb_text_0 et_pb_text et_pb_bg_layout_light et_pb_module et_block_module\"><div class=\"et_pb_text_inner\"><h2>Unser Ansatz<\/h2>\n<\/div><\/div><div class=\"et_pb_blurb_1 et_pb_blurb et_pb_bg_layout_light et_pb_blurb_position_top et_pb_module et_block_module\"><div class=\"et_pb_blurb_content\"><div class=\"et_pb_blurb_container\"><div class=\"et_pb_blurb_description\"><p>Unser professioneller DJ wird sich nach einem ersten Gespr\u00e4ch mit Ihnen und dem Kennenlernen des Themas, des Veranstaltungsortes und allem, was zur Taufe geh\u00f6rt, darum k\u00fcmmern, ein Musikprogramm zu erstellen, das an Ihre Umst\u00e4nde und W\u00fcnsche angepasst ist,<\/p>\n<p>Unsere riesige Musikbibliothek, die alle Arten von Musik abdeckt, und unser Wissen und unsere Erfahrung werden daf\u00fcr sorgen, dass Sie den Tag wie nichts anderes genie\u00dfen k\u00f6nnen!<\/p>\n<p>Die Art und Weise, wie wir die musikalische Gestaltung der Tauffeier Ihres Kindes organisieren, ist eines der Dinge, die uns auszeichnen.<\/p>\n<p>Der Unterschied zu Amateur-DJs ist, dass wir als professionelle DJs die Stimmung des Publikums jederzeit erkennen und die Stimmung hoch halten k\u00f6nnen.<\/p>\n<\/div><\/div><\/div><\/div><\/div><\/div><div class=\"et_pb_row_2 et_pb_row et_pb_gutters2 et_block_row\"><div class=\"et_pb_column_3 et_pb_column et_pb_column_3_5 et_block_column et_pb_css_mix_blend_mode_passthrough\"><div class=\"et_pb_blurb_2 et_pb_blurb et_pb_bg_layout_light et_pb_blurb_position_top et_pb_module et_block_module\"><div class=\"et_pb_blurb_content\"><div class=\"et_pb_blurb_container\"><h2 class=\"et_pb_module_header\">Wir w\u00e4hlen Musik f\u00fcr die Taufe, die zu kleinen und gro\u00dfen G\u00e4sten passt!<\/h2><div class=\"et_pb_blurb_description\"><p>&nbsp;<\/p>\n<p>Vom Einzug des Neuank\u00f6mmlings bis zur frenetischen Feier nach der Veranstaltung, unser Team wei\u00df, wie man die richtigen Lieder f\u00fcr jeden Anlass ausw\u00e4hlt.<\/p>\n<p>Da das Ziel jeder Party ist, dass sich alle G\u00e4ste gut am\u00fcsieren, achten wir auf ein ausgewogenes Musikprogramm, damit sowohl das j\u00fcngere als auch das \u00e4ltere Publikum unterhalten wird.<br \/>Das Ergebnis ist, dass Jung und Alt eins werden und die Tanzfl\u00e4che mit L\u00e4cheln und viel Spa\u00df gef\u00fcllt ist.<\/p>\n<\/div><\/div><\/div><\/div><\/div><div class=\"et_pb_column_4 et_pb_column et_pb_column_2_5 et-last-child et_block_column et_pb_css_mix_blend_mode_passthrough\"><\/div><\/div><\/div><div class=\"et_pb_section_2 et_pb_section et_section_regular et_block_section\"><div class=\"et_pb_row_3 et_pb_row et_block_row\"><div class=\"et_pb_column_5 et_pb_column et_pb_column_4_4 et-last-child et_block_column et_pb_css_mix_blend_mode_passthrough\"><div class=\"et_pb_text_1 et_pb_text et_pb_bg_layout_light et_pb_module et_block_module et_pb_text_align_center\"><div class=\"et_pb_text_inner\"><p>Da wir bereits Dutzende von Taufveranstaltungen durchgef\u00fchrt haben, kennen wir die Zutaten f\u00fcr einen absoluten Erfolg!<\/p>\n<p>Musik, Sound und Lichteffekte, Rhythmus schaffen eine einzigartige Atmosph\u00e4re f\u00fcr Sie und Ihre G\u00e4ste. Teilen Sie Ihre Freude \u00fcber den gro\u00dfen Tag Ihres Kindes mit Menschen, die mit ihrer Seele Spa\u00df haben werden, dank des Programms, das unser Team mit Leidenschaft zusammenstellen wird.<\/p>\n<\/div><\/div><\/div><\/div><div class=\"et_pb_row_4 et_pb_row et_pb_gutters2 et_block_row\"><div class=\"et_pb_column_6 et_pb_column et_pb_column_1_2 et_block_column et_pb_css_mix_blend_mode_passthrough\"><\/div><div class=\"et_pb_column_7 et_pb_column et_pb_column_1_2 et-last-child et_block_column et_pb_css_mix_blend_mode_passthrough\"><\/div><\/div><\/div><div class=\"et_pb_section_3 et_pb_section et_section_regular et_block_section\"><div class=\"et_pb_row_5 et_pb_row et_block_row\"><div class=\"et_pb_column_8 et_pb_column et_pb_column_4_4 et-last-child et_block_column et_pb_css_mix_blend_mode_passthrough\"><\/div><\/div><div class=\"et_pb_row_6 et_pb_row et_pb_gutters1 et_block_row\"><div class=\"et_pb_column_9 et_pb_column et_pb_column_1_2 et_block_column et_pb_css_mix_blend_mode_passthrough\"><\/div><div class=\"et_pb_column_10 et_pb_column et_pb_column_1_2 et-last-child et_block_column et_pb_css_mix_blend_mode_passthrough\">[dsm_content_timeline_child dsm_use_icon_image=\"off\" dsm_title=\"Die erste Party Ihres Kindes wird unvergesslich sein\" dsm_content=\"<p>Die Taufe ist ein bedeutender Tag im Leben Ihres Kindes. Da es sich um seine erste Party handelt, sollten Sie sie sorgf\u00e4ltig organisieren. Wenn Sie sich f\u00fcr unser Team entscheiden, k\u00f6nnen Sie sicher sein, dass der neue Konvertit oder die neue Konvertiererin den besten Start haben wird.<\/p>\" dsm_use_pointer_element=\"on\" dsm_point_font_icon=\"&#xf79f;||fa||900\" dsm_image_icon_width=\"96px\" _builder_version=\"4.20.4\" _module_preset=\"default\" background_color=\"#EAE9E3\" background_enable_color=\"on\" global_colors_info=\"{}\" parent_header_level=\"h2\"][\/dsm_content_timeline_child][dsm_content_timeline_child dsm_use_icon_image=\"off\" dsm_title=\"Feiern Sie mit Ihren Liebsten ohne Stress\" dsm_content=\"<p>Unser erstes Anliegen ist es, den Eltern die M\u00f6glichkeit zu geben, diesen Tag wirklich zu genie\u00dfen. Sobald wir die Tauffeier \u00fcbernehmen, schaffen wir alle Voraussetzungen und treffen alle notwendigen Vorbereitungen, damit wir am Tag der Taufe bestens vorbereitet sind.<\/p>\n<p>Vertrauen Sie uns, teilen Sie uns Ihre Bed\u00fcrfnisse mit und \u00fcberlassen Sie uns den Rest!<\/p>\" dsm_use_pointer_element=\"on\" dsm_point_font_icon=\"&#xf1fd;||fa||900\" dsm_image_icon_width=\"96px\" _builder_version=\"4.20.4\" _module_preset=\"default\" background_color=\"#EAE9E3\" background_enable_color=\"on\" global_colors_info=\"{}\" parent_header_level=\"h2\"][\/dsm_content_timeline_child][dsm_content_timeline_child dsm_use_icon_image=\"off\" dsm_title=\"M\u00e4rchenhafte Atmosph\u00e4re\" dsm_content=\"<p>Lassen Sie Ihrer Fantasie freien Lauf, w\u00e4hlen Sie das Thema, das zu Ihrem Kind passt, und schaffen Sie gemeinsam eine Atmosph\u00e4re wie im besten M\u00e4rchen. Welche Ideen Sie auch immer haben, wir setzen sie mit der Professionalit\u00e4t und Konsequenz um, die uns in all den Jahren ausgezeichnet hat.<\/p>\n<p>Vertrauen Sie uns, teilen Sie uns Ihre Bed\u00fcrfnisse mit und \u00fcberlassen Sie uns den Rest!<\/p>\" dsm_use_pointer_element=\"on\" dsm_point_font_icon=\"&#xf0c2;||fa||900\" dsm_image_icon_width=\"96px\" _builder_version=\"4.20.4\" _module_preset=\"default\" background_color=\"#EAE9E3\" background_enable_color=\"on\" global_colors_info=\"{}\" parent_header_level=\"h2\"][\/dsm_content_timeline_child]<\/div><\/div><\/div><div class=\"et_pb_section_4 et_pb_section et_section_regular et_block_section section_has_divider et_pb_top_divider\"><div class=\"et_pb_top_inside_divider et-no-transition\"><\/div><div class=\"et_pb_row_7 et_pb_row et_block_row\"><div class=\"et_pb_column_11 et_pb_column et_pb_column_4_4 et-last-child et_block_column et_pb_css_mix_blend_mode_passthrough\">[dipl_double_color_heading heading_pre_part=\"\u0395\u03bb\u03ac\u03c4\u03b5 \u03bd\u03b1 \u03c3\u03c7\u03b5\u03b4\u03b9\u03ac\u03c3\u03bf\u03c5\u03bc\u03b5\" heading_main_part=\"\u03c4\u03bf \u03c0\u03ac\u03c1\u03c4\u03b9 \u03c4\u03b7\u03c2 \u03b2\u03ac\u03c0\u03c4\u03b9\u03c3\u03b7\u03c2\" heading_post_part=\"\u03c4\u03bf\u03c5 \u03c0\u03b1\u03b9\u03b4\u03b9\u03bf\u03cd \u03c3\u03b1\u03c2!\" main_part_text_background=\"on\" pre_part_custom_padding=\"|8px|||false|false\" main_part_custom_padding=\"|10px|||false|false\" main_background_use_color_gradient=\"on\" main_background_color_gradient_stops=\"#b87f13 0%|#b87f13 100%\" main_background_color_gradient_start=\"#b87f13\" main_background_color_gradient_end=\"#b87f13\" post_background_use_color_gradient=\"on\" admin_label=\"Use Background \" _builder_version=\"4.20.4\" global_heading_settings_text_align=\"center\" pre_header_font=\"|300|||||||\" pre_header_text_color=\"#4F4F4F\" pre_header_font_size=\"40px\" main_header_font=\"|300|||||||\" main_header_text_color=\"#FFFFFF\" main_header_font_size=\"40px\" post_header_font=\"|300|||||||\" post_header_text_color=\"#4F4F4F\" post_header_font_size=\"40px\" width=\"100%\" custom_margin=\"20px||20px||true|false\" custom_margin_tablet=\"60px||0px||false|false\" custom_margin_phone=\"30px|0px||0px|false|false\" custom_margin_last_edited=\"on|desktop\" custom_padding=\"|30px||30px|false|true\" pre_header_font_size_tablet=\"44px\" pre_header_font_size_phone=\"30px\" pre_header_font_size_last_edited=\"on|phone\" main_header_font_size_tablet=\"50px\" main_header_font_size_phone=\"30px\" main_header_font_size_last_edited=\"on|phone\" post_header_font_size_tablet=\"37px\" post_header_font_size_phone=\"30px\" post_header_font_size_last_edited=\"on|phone\" locked=\"off\" global_colors_info=\"{}\" pre_post_header_font_size_tablet=\"40px\" pre_post_header_font_size_phone=\"30px\" pre_post_header_font_size_last_edited=\"on|tablet\" second_header_font_size_tablet=\"40px\" second_header_font_size_phone=\"30px\" second_header_font_size_last_edited=\"on|phone\"][\/dipl_double_color_heading]<\/div><\/div><div class=\"et_pb_row_8 et_pb_row et_pb_equal_columns et_pb_gutters1 et_block_row\"><div class=\"et_pb_column_12 et_pb_column et_pb_column_1_3 et_block_column et_pb_css_mix_blend_mode_passthrough\"><div class=\"et_pb_blurb_3 et_pb_blurb et_pb_bg_layout_dark et_pb_blurb_position_left et_pb_module et_block_module\"><div class=\"et_pb_blurb_content\"><div class=\"et_pb_main_blurb_image\"><span class=\"et_pb_image_wrap\"><span class=\"et-pb-icon et_animated et_animated\">\ue076<\/span><\/span><\/div><div class=\"et_pb_blurb_container\"><h4 class=\"et_pb_module_header\">hello@tsisma.com<\/h4><\/div><\/div><\/div><div class=\"et_pb_blurb_4 et_pb_blurb et_pb_bg_layout_dark et_pb_blurb_position_left et_pb_module et_block_module\"><div class=\"et_pb_blurb_content\"><div class=\"et_pb_main_blurb_image\"><span class=\"et_pb_image_wrap\"><span class=\"et-pb-icon et_animated et_animated\">\ue090<\/span><\/span><\/div><div class=\"et_pb_blurb_container\"><h4 class=\"et_pb_module_header\">+306973054655<\/h4><\/div><\/div><\/div><div class=\"et_pb_blurb_5 et_pb_blurb et_pb_bg_layout_dark et_pb_blurb_position_left et_pb_module et_block_module\"><div class=\"et_pb_blurb_content\"><div class=\"et_pb_main_blurb_image\"><span class=\"et_pb_image_wrap\"><span class=\"et-pb-icon et_animated et_animated\">\ue081<\/span><\/span><\/div><div class=\"et_pb_blurb_container\"><h4 class=\"et_pb_module_header\">Standorte<\/h4><div class=\"et_pb_blurb_description\"><p>Thessaloniki<br \/>\nAthen<br \/>\nMykonos<\/p>\n<\/div><\/div><\/div><\/div><ul class=\"et_pb_social_media_follow_0 et_pb_social_media_follow clearfix et_pb_bg_layout_light et_pb_text_align_center et_pb_module et_block_module\"><li class=\"et_pb_social_media_follow_network_0 et_pb_social_media_follow_network et_pb_social_icon et_pb_social_network_link et-social-facebook et_pb_module et_flex_module\"><a href=\"https:\/\/www.facebook.com\/tsismaevents\/\" class=\"icon\" target=\"_self\" title=\"Auf Facebook folgen\" rel=\"noopener\"><span class=\"et_pb_social_media_follow_network_name\">Folgen<\/span><\/a><\/li><li class=\"et_pb_social_media_follow_network_1 et_pb_social_media_follow_network et_pb_social_icon et_pb_social_network_link et-social-twitter et_pb_module et_flex_module\"><a href=\"https:\/\/twitter.com\/tsisma_events\" class=\"icon\" target=\"_self\" title=\"Auf Twitter folgen\" rel=\"noopener\"><span class=\"et_pb_social_media_follow_network_name\">Folgen<\/span><\/a><\/li><li class=\"et_pb_social_media_follow_network_2 et_pb_social_media_follow_network et_pb_social_icon et_pb_social_network_link et-social-instagram et_pb_module et_flex_module\"><a href=\"https:\/\/www.instagram.com\/tsisma_events\/\" class=\"icon\" target=\"_self\" title=\"Auf Instagram folgen\" rel=\"noopener\"><span class=\"et_pb_social_media_follow_network_name\">Folgen<\/span><\/a><\/li><li class=\"et_pb_social_media_follow_network_3 et_pb_social_media_follow_network et_pb_social_icon et_pb_social_network_link et-social-linkedin et_pb_module et_flex_module\"><a href=\"#\" class=\"icon\" target=\"_self\" title=\"Auf Linkedin folgen\" rel=\"noopener\"><span class=\"et_pb_social_media_follow_network_name\">Folgen<\/span><\/a><\/li><li class=\"et_pb_social_media_follow_network_4 et_pb_social_media_follow_network et_pb_social_icon et_pb_social_network_link et-social-youtube et_pb_module et_flex_module\"><a href=\"https:\/\/www.youtube.com\/channel\/UClHUbuXK9CnABkT9XfY0UUw\" class=\"icon\" target=\"_self\" title=\"Auf Youtube folgen\" rel=\"noopener\"><span class=\"et_pb_social_media_follow_network_name\">Folgen<\/span><\/a><\/li><li class=\"et_pb_social_media_follow_network_5 et_pb_social_media_follow_network et_pb_social_icon et_pb_social_network_link et-pb-social-fa-icon et-social-tiktok et_pb_module et_flex_module\"><a href=\"#\" class=\"icon\" target=\"_self\" title=\"Auf Tiktok folgen\" rel=\"noopener\"><span class=\"et_pb_social_media_follow_network_name\">Folgen<\/span><\/a><\/li><li class=\"et_pb_social_media_follow_network_6 et_pb_social_media_follow_network et_pb_social_icon et_pb_social_network_link et-pb-social-fa-icon et-social-spotify et_pb_module et_flex_module\"><a href=\"#\" class=\"icon\" target=\"_self\" title=\"Auf Spotify folgen\" rel=\"noopener\"><span class=\"et_pb_social_media_follow_network_name\">Folgen<\/span><\/a><\/li><li class=\"et_pb_social_media_follow_network_7 et_pb_social_media_follow_network et_pb_social_icon et_pb_social_network_link et-social-pinterest et_pb_module et_flex_module\"><a href=\"https:\/\/pin.it\/53s7Z49\" class=\"icon\" target=\"_self\" title=\"Auf Pinterest folgen\" rel=\"noopener\"><span class=\"et_pb_social_media_follow_network_name\">Folgen<\/span><\/a><\/li><li class=\"et_pb_social_media_follow_network_8 et_pb_social_media_follow_network et_pb_social_icon et_pb_social_network_link et-pb-social-fa-icon et-social-whatsapp et_pb_module et_flex_module\"><a href=\"http:\/\/+306973054655\" class=\"icon\" target=\"_self\" title=\"Auf Whatsapp folgen\" rel=\"noopener\"><span class=\"et_pb_social_media_follow_network_name\">Folgen<\/span><\/a><\/li><\/ul><\/div><div class=\"et_pb_column_13 et_pb_column et_pb_column_2_3 et-last-child et_block_column et_pb_css_mix_blend_mode_passthrough\"><div class=\"et_pb_contact_form_0 et_pb_contact_form_container clearfix et_pb_recaptcha_enabled et_animated et_pb_module et_flex_module\" data-form_unique_num=\"0\" data-form_unique_id=\"72963492-779d-4b38-b92f-5eda9b88ffa7\" id=\"et_pb_contact_form_0\"><div class=\"et-pb-contact-message\"><\/div><div class=\"et_pb_contact\"><form class=\"et_pb_contact_form et_flex_module\" method=\"post\" action=\"https:\/\/staging.tsisma.com\/de\/wp-json\/wp\/v2\/pages\/245328\"><div class=\"et_pb_contact_field_0 et_pb_contact_field et_pb_module et_flex_module et_flex_column_24_24 et_flex_column_24_24_tablet et_flex_column_24_24_phone\" data-id=\"name\" data-type=\"input\"><label class=\"et_pb_contact_form_label\" for=\"et_pb_contact_0_name_0\">Vollst\u00e4ndiger Name<\/label><input type=\"text\" name=\"et_pb_contact_0_name_0\" id=\"et_pb_contact_0_name_0\" class=\"input\" data-required_mark=\"required\" data-field_type=\"input\" data-original_id=\"name\" placeholder=\"Vollst\u00e4ndiger Name\" title=\"\" value=\"\" \/><\/div><div class=\"et_pb_contact_field_1 et_pb_contact_field et_pb_module et_flex_module et_flex_column_24_24 et_flex_column_24_24_tablet et_flex_column_24_24_phone\" data-id=\"email\" data-type=\"email\"><label class=\"et_pb_contact_form_label\" for=\"et_pb_contact_0_email_1\">E-Mail Adresse<\/label><input type=\"text\" name=\"et_pb_contact_0_email_1\" id=\"et_pb_contact_0_email_1\" class=\"input\" data-required_mark=\"required\" data-field_type=\"email\" data-original_id=\"email\" placeholder=\"E-Mail Adresse\" title=\"\" value=\"\" \/><\/div><div class=\"et_pb_contact_field_2 et_pb_contact_field et_pb_module et_flex_module et_flex_column_24_24 et_flex_column_24_24_tablet et_flex_column_24_24_phone\" data-id=\"tel\" data-type=\"input\"><label class=\"et_pb_contact_form_label\" for=\"et_pb_contact_0_tel_2\">Telefonischer Kontakt<\/label><input type=\"text\" name=\"et_pb_contact_0_tel_2\" id=\"et_pb_contact_0_tel_2\" class=\"input\" data-required_mark=\"required\" data-field_type=\"input\" data-original_id=\"tel\" placeholder=\"Telefonischer Kontakt\" title=\"\" value=\"\" \/><\/div><div class=\"et_pb_contact_field_3 et_pb_contact_field et_pb_module et_flex_module et_flex_column_24_24 et_flex_column_24_24_tablet et_flex_column_24_24_phone\" data-id=\"type_of_event\" data-type=\"select\"><label class=\"et_pb_contact_form_label\" for=\"et_pb_contact_0_type_of_event_3\">Art der Veranstaltung<\/label><select name=\"et_pb_contact_0_type_of_event_3\" id=\"et_pb_contact_0_type_of_event_3\" class=\"et_pb_contact_select input\" data-required_mark=\"required\" data-field_type=\"select\" data-original_id=\"type_of_event\"><option value=\"\">Art der Veranstaltung<\/option><option value=\"Firmenveranstaltung\" data-id=\"\">Firmenveranstaltung<\/option><option value=\"Hochzeit\" data-id=\"\">Hochzeit<\/option><option value=\"Eine weitere private Veranstaltung\" data-id=\"\">Eine weitere private Veranstaltung<\/option><\/select><\/div><div class=\"et_pb_contact_field_4 et_pb_contact_field et_pb_module et_flex_module et_flex_column_24_24 et_flex_column_24_24_tablet et_flex_column_24_24_phone\" data-id=\"message\" data-type=\"text\"><label class=\"et_pb_contact_form_label\" for=\"et_pb_contact_0_message_4\">Ihre Nachricht<\/label><textarea name=\"et_pb_contact_0_message_4\" id=\"et_pb_contact_0_message_4\" class=\"et_pb_contact_message input\" data-required_mark=\"required\" data-field_type=\"text\" data-original_id=\"message\" placeholder=\"Ihre Nachricht\"><\/textarea><\/div><input type=\"hidden\" name=\"et_pb_contactform_submit_72963492-779d-4b38-b92f-5eda9b88ffa7\" value=\"et_contact_proccess\" \/><div class=\"et_contact_bottom_container\"><div class=\"et_pb_button_wrapper\"><button type=\"submit\" name=\"et_builder_submit_button\" class=\"et_pb_button et_pb_contact_submit\" data-icon=\"E\">Senden an<\/button><\/div><\/div><input type=\"hidden\" id=\"_wpnonce-et-pb-contact-form-submitted-72963492-779d-4b38-b92f-5eda9b88ffa7\" name=\"_wpnonce-et-pb-contact-form-submitted-72963492-779d-4b38-b92f-5eda9b88ffa7\" value=\"d64b3424f7\" \/><input type=\"hidden\" name=\"_wp_http_referer\" value=\"\/de\/wp-json\/wp\/v2\/pages\/245328\" \/><\/form><\/div><\/div><\/div><\/div><\/div>","protected":false},"excerpt":{"rendered":"","protected":false},"author":1,"featured_media":0,"parent":0,"menu_order":0,"comment_status":"closed","ping_status":"closed","template":"","meta":{"footnotes":""},"class_list":["post-245328","page","type-page","status-publish","hentry"],"_links":{"self":[{"href":"https:\/\/staging.tsisma.com\/de\/wp-json\/wp\/v2\/pages\/245328","targetHints":{"allow":["GET"]}}],"collection":[{"href":"https:\/\/staging.tsisma.com\/de\/wp-json\/wp\/v2\/pages"}],"about":[{"href":"https:\/\/staging.tsisma.com\/de\/wp-json\/wp\/v2\/types\/page"}],"author":[{"embeddable":true,"href":"https:\/\/staging.tsisma.com\/de\/wp-json\/wp\/v2\/users\/1"}],"replies":[{"embeddable":true,"href":"https:\/\/staging.tsisma.com\/de\/wp-json\/wp\/v2\/comments?post=245328"}],"version-history":[{"count":1,"href":"https:\/\/staging.tsisma.com\/de\/wp-json\/wp\/v2\/pages\/245328\/revisions"}],"predecessor-version":[{"id":246244,"href":"https:\/\/staging.tsisma.com\/de\/wp-json\/wp\/v2\/pages\/245328\/revisions\/246244"}],"wp:attachment":[{"href":"https:\/\/staging.tsisma.com\/de\/wp-json\/wp\/v2\/media?parent=245328"}],"curies":[{"name":"wp","href":"https:\/\/api.w.org\/{rel}","templated":true}]}}